

{"id":8090,"date":"2024-05-31T16:19:54","date_gmt":"2024-05-31T16:19:54","guid":{"rendered":"https:\/\/montael.com\/new_site\/?post_type=product&#038;p=8090"},"modified":"2025-06-09T10:00:55","modified_gmt":"2025-06-09T09:00:55","slug":"cruzetas-para-juntas-de-5mm","status":"publish","type":"product","link":"https:\/\/montael.com\/?product=cruzetas-para-juntas-de-5mm","title":{"rendered":"Cruzetas para juntas de 5MM"},"content":{"rendered":"<p><strong>Caracter\u00edsticas:<\/strong><\/p>\n<div class=\"v-col-md-8 v-col-12\" data-v-02110079=\"\">\n<div class=\"w-100\" data-v-02110079=\"\">\n<div data-v-02110079=\"\">\n<div class=\"pa-4 ma-4 caption\" data-v-02110079=\"\">\n<div class=\"v-col-md-8 v-col-12\" data-v-02110079=\"\">\n<div class=\"w-100\" data-v-02110079=\"\">\n<div data-v-02110079=\"\">\n<div class=\"pa-4 ma-4 caption\" data-v-02110079=\"\">\n<p>A geometria interna das\u00a0cruzetas para juntas de 5 a 12 mm \u00e9 oca e possui um design com refor\u00e7os internos que lhes permite resistir a tens\u00f5es e evitar o seu esmagamento. Este desenho oco facilita a entrada da argamassa comum e, se o tipo de instala\u00e7\u00e3o permitir, deixa a cruzeta dentro da junta de instala\u00e7\u00e3o sem afetar a integridade da junta no futuro.<\/p>\n<p>As cruzetas RUBI refor\u00e7adas de 5 mm s\u00e3o cruzetas de maior rigidez, especialmente projetadas para uso em\u00a0pe\u00e7as de grande formato. A parte inferior das cruzetas refor\u00e7adas de 5 mm foi projetada para oferecer uma boa fixa\u00e7\u00e3o no material e facilitar, se o tipo de instala\u00e7\u00e3o permitir, deixar a cruzeta dentro da junta de instala\u00e7\u00e3o sem afetar a integridade da junta no futuro<\/p>\n<\/div>\n<\/div>\n<\/div>\n<\/div>\n<\/div>\n<\/div>\n<\/div>\n<\/div>\n","protected":false},"excerpt":{"rendered":"<ul>\n<li>Embalagem de 100 unidades<\/li>\n<\/ul>\n<p>Marca: Rubi<\/p>\n","protected":false},"featured_media":8091,"template":"","meta":[],"product_cat":[294],"product_tag":[],"class_list":{"0":"post-8090","1":"product","2":"type-product","3":"status-publish","4":"has-post-thumbnail","6":"product_cat-sistemas-nivelamento","7":"ts_product_brand-rubi","9":"first","10":"instock","11":"taxable","12":"shipping-taxable","13":"product-type-simple"},"_links":{"self":[{"href":"https:\/\/montael.com\/index.php?rest_route=\/wp\/v2\/product\/8090","targetHints":{"allow":["GET"]}}],"collection":[{"href":"https:\/\/montael.com\/index.php?rest_route=\/wp\/v2\/product"}],"about":[{"href":"https:\/\/montael.com\/index.php?rest_route=\/wp\/v2\/types\/product"}],"wp:featuredmedia":[{"embeddable":true,"href":"https:\/\/montael.com\/index.php?rest_route=\/wp\/v2\/media\/8091"}],"wp:attachment":[{"href":"https:\/\/montael.com\/index.php?rest_route=%2Fwp%2Fv2%2Fmedia&parent=8090"}],"wp:term":[{"taxonomy":"product_cat","embeddable":true,"href":"https:\/\/montael.com\/index.php?rest_route=%2Fwp%2Fv2%2Fproduct_cat&post=8090"},{"taxonomy":"product_tag","embeddable":true,"href":"https:\/\/montael.com\/index.php?rest_route=%2Fwp%2Fv2%2Fproduct_tag&post=8090"}],"curies":[{"name":"wp","href":"https:\/\/api.w.org\/{rel}","templated":true}]}}