

{"id":8086,"date":"2024-05-31T16:15:14","date_gmt":"2024-05-31T16:15:14","guid":{"rendered":"https:\/\/montael.com\/new_site\/?post_type=product&#038;p=8086"},"modified":"2025-06-09T10:02:48","modified_gmt":"2025-06-09T09:02:48","slug":"cruzetas-para-juntas-de-1mm","status":"publish","type":"product","link":"https:\/\/montael.com\/?product=cruzetas-para-juntas-de-1mm","title":{"rendered":"Cruzetas para juntas de 1MM"},"content":{"rendered":"<p><strong>Caracter\u00edsticas:<\/strong><\/p>\n<div class=\"v-col-md-8 v-col-12\" data-v-02110079=\"\">\n<div class=\"w-100\" data-v-02110079=\"\">\n<div data-v-02110079=\"\">\n<div class=\"pa-4 ma-4 caption\" data-v-02110079=\"\">\n<div class=\"v-col-md-8 v-col-12\" data-v-02110079=\"\">\n<div class=\"w-100\" data-v-02110079=\"\">\n<div data-v-02110079=\"\">\n<div class=\"pa-4 ma-4 caption\" data-v-02110079=\"\">\n<p>As cruzetas para juntas de 1 mm s\u00e3o recomendadas para a instala\u00e7\u00e3o de revestimentos cer\u00e2micos e pavimentos com juntas m\u00ednimas. A estrutura maci\u00e7a das cruzetas para juntas de 1 mm foram desenhadas para fornecer maior resist\u00eancia \u00e0 flex\u00e3o e ao esmagamento. Estas propriedades fazem com que as cruzetas para juntas de 1 mm sejam altamente recomendadas para revestimentos com pe\u00e7as cer\u00e2micas de grandes formatos.<\/p>\n<\/div>\n<\/div>\n<\/div>\n<\/div>\n<\/div>\n<\/div>\n<\/div>\n<\/div>\n","protected":false},"excerpt":{"rendered":"<ul>\n<li>Embalagem de 300 unidades<\/li>\n<\/ul>\n<p>Marca: Rubi<\/p>\n","protected":false},"featured_media":8087,"template":"","meta":[],"product_cat":[294],"product_tag":[],"class_list":{"0":"post-8086","1":"product","2":"type-product","3":"status-publish","4":"has-post-thumbnail","6":"product_cat-sistemas-nivelamento","7":"ts_product_brand-rubi","9":"first","10":"instock","11":"taxable","12":"shipping-taxable","13":"product-type-simple"},"_links":{"self":[{"href":"https:\/\/montael.com\/index.php?rest_route=\/wp\/v2\/product\/8086","targetHints":{"allow":["GET"]}}],"collection":[{"href":"https:\/\/montael.com\/index.php?rest_route=\/wp\/v2\/product"}],"about":[{"href":"https:\/\/montael.com\/index.php?rest_route=\/wp\/v2\/types\/product"}],"wp:featuredmedia":[{"embeddable":true,"href":"https:\/\/montael.com\/index.php?rest_route=\/wp\/v2\/media\/8087"}],"wp:attachment":[{"href":"https:\/\/montael.com\/index.php?rest_route=%2Fwp%2Fv2%2Fmedia&parent=8086"}],"wp:term":[{"taxonomy":"product_cat","embeddable":true,"href":"https:\/\/montael.com\/index.php?rest_route=%2Fwp%2Fv2%2Fproduct_cat&post=8086"},{"taxonomy":"product_tag","embeddable":true,"href":"https:\/\/montael.com\/index.php?rest_route=%2Fwp%2Fv2%2Fproduct_tag&post=8086"}],"curies":[{"name":"wp","href":"https:\/\/api.w.org\/{rel}","templated":true}]}}