

{"id":8082,"date":"2024-05-31T16:05:52","date_gmt":"2024-05-31T16:05:52","guid":{"rendered":"https:\/\/montael.com\/new_site\/?post_type=product&#038;p=8082"},"modified":"2025-06-09T15:01:50","modified_gmt":"2025-06-09T14:01:50","slug":"moply-n-plus-fp-4-kg-min","status":"publish","type":"product","link":"https:\/\/montael.com\/?product=moply-n-plus-fp-4-kg-min","title":{"rendered":"Moply N Plus FP 4 Kg Min Cinza"},"content":{"rendered":"<div class=\"product-v4-detail\">\n<div class=\"product-v4-detail-content wysiwyg\">\n<p><b>MOPLY N PLUS FP 4 KG MIN\u00a0<\/b>\u00e9 uma membrana de impermeabiliza\u00e7\u00e3o de betume plastom\u00e9rico APP, com flexibilidade a baixas temperaturas (-10 \u00b0C), com armadura de feltro de poli\u00e9ster refor\u00e7ado com fibra de vidro e acabamento com filme termo fus\u00edvel na face inferior e acabamento mineral na face superior (MIN).<b><\/b><\/p>\n<p>Vantagens:<br \/>\n\uf0b7 Melhor flexibilidade e garantia de durabilidade do que as membranas auxiliares tradicionais.<br \/>\n\uf0b7 Melhor comportamento a altas temperaturas e melhor flexibilidade ao frio (-10 \u00baC) conferindo \u00e0 membrana um envelhecimento mais tardio.<br \/>\n\uf0b7 Melhoria nas caracter\u00edsticas da membrana principal dos sistemas bicamada, em termos de resist\u00eancia \u00e0 tra\u00e7\u00e3o, perfura\u00e7\u00e3o est\u00e1tica e din\u00e2mica, especialmente se a membrana principal for refor\u00e7ada com Polietileno (PE) ou fibra de vidro (FV).<br \/>\n\uf0b7 Substitui a membrana de oxiasfalto fornecendo um processo produtivo menos poluente.<b><\/b><\/p>\n<p>Aplica\u00e7\u00e3o:<br \/>\n\uf0b7 \u00c9 aplicado como uma membrana superior em sistemas bicamada, n\u00e3o transit\u00e1veis ou com ou sem prote\u00e7\u00e3o pesada, realizados com uma primeira camada de membrana \u2265 3 kg da gama\u00a0<b>MOPLY N PLUS<\/b><br \/>\n\uf0b7 Membrana superior em sistemas bicamada em coberturas terra\u00e7o de acessibilidade limitada (acess\u00edveis apenas para a realiza\u00e7\u00e3o de trabalhos de manuten\u00e7\u00e3o ou de repara\u00e7\u00e3o).<br \/>\n\uf0b7 Como membrana de acabamento, sobre membrana com acabamento em filme de polietileno, expostas \u00e0 intemp\u00e9rie.<br \/>\n\uf0b7 Como membrana de sacrif\u00edcio ou auxiliar quando \u00e9 necess\u00e1ria uma impermeabiliza\u00e7\u00e3o tempor\u00e1ria.<br \/>\n\uf0b7 Como membrana de refor\u00e7o, complementar em \u00e1reas espec\u00edficas da cobertura, como zonas de passagem, zonas de m\u00e1quinas, etc.<br \/>\n\uf0b7 Impermeabiliza\u00e7\u00e3o de funda\u00e7\u00f5es, caves, etc.<\/p>\n<\/div>\n<\/div>\n<div class=\"product-v4-detail\">\n<p class=\"product-v4-detail-title\"><i class=\"ic ic-v4-implementation\"><\/i><strong>\u00a0Coloca\u00e7\u00e3o em obra:<\/strong><\/p>\n<div class=\"product-v4-detail-content wysiwyg\">Suporte:<br \/>\nDeve apresentar uma superf\u00edcie seca, firme, regular, limpa e livre de materiais soltos.<br \/>\n\u2022 Pode ser aplicada totalmente aderida, semi aderida ou flutuante. Para aderir a membrana ao suporte este deve ser impregnado previamente com\u00a0<b>EMUFAL PRIMER\u00a0<\/b>ou\u00a0<b>SOPRAD\u00c8RE<\/b>. Uma vez seco, adere-se a membrana a fogo.<br \/>\n\u2022 Aplica-se fogo de uma maneira homog\u00e9nea (mais calor representa maior retrac\u00e7\u00e3o) ao longo da membrana sem chegar \u00e0 sobreposi\u00e7\u00e3o, que se realizar\u00e1 posteriormente, uma vez que \u00e9 importante que a temperatura seja igual em toda a superf\u00edcie. A aplica\u00e7\u00e3o da chama deve realizar-se at\u00e9 \u00e0 elimina\u00e7\u00e3o do filme antiaderente.<br \/>\n\u2022 As membranas disp\u00f5em-se de maneira a que n\u00e3o coincidam mais de tr\u00eas no mesmo ponto.<br \/>\n\u2022 As soldaduras de sobreposi\u00e7\u00e3o realizam-se com fogo, com uma largura m\u00ednima de 8 cm.<br \/>\n\u2022 A membrana superior dever\u00e1 estar totalmente aderida \u00e0 inferior e \u00e9 colocada mantendo o mesmo sentido e de maneira que a sobreposi\u00e7\u00e3o fique aproximadamente centrada na membrana inferior.<\/div>\n<\/div>\n","protected":false},"excerpt":{"rendered":"<p>MOPLY N PLUS FP 4 KG MIN \u00e9 uma membrana de impermeabiliza\u00e7\u00e3o de betume plastom\u00e9rico APP, com flexibilidade a baixas temperaturas (-10 \u00b0C).<\/p>\n<p><strong>Rolo 1x10m | 10m2 = 69,5\u20ac<\/strong><\/p>\n<ul>\n<li>Palete: 250m2 \/25 rolos<\/li>\n<li>Cor: Cinza<\/li>\n<\/ul>\n<p>Marca: Soprema<\/p>\n","protected":false},"featured_media":8784,"template":"","meta":[],"product_cat":[146,155,246],"product_tag":[],"class_list":{"0":"post-8082","1":"product","2":"type-product","3":"status-publish","4":"has-post-thumbnail","6":"product_cat-construcao","7":"product_cat-impermeabilizacao","8":"product_cat-membranas-betuminosas","9":"ts_product_brand-soprema","11":"first","12":"instock","13":"taxable","14":"shipping-taxable","15":"product-type-simple"},"_links":{"self":[{"href":"https:\/\/montael.com\/index.php?rest_route=\/wp\/v2\/product\/8082","targetHints":{"allow":["GET"]}}],"collection":[{"href":"https:\/\/montael.com\/index.php?rest_route=\/wp\/v2\/product"}],"about":[{"href":"https:\/\/montael.com\/index.php?rest_route=\/wp\/v2\/types\/product"}],"wp:featuredmedia":[{"embeddable":true,"href":"https:\/\/montael.com\/index.php?rest_route=\/wp\/v2\/media\/8784"}],"wp:attachment":[{"href":"https:\/\/montael.com\/index.php?rest_route=%2Fwp%2Fv2%2Fmedia&parent=8082"}],"wp:term":[{"taxonomy":"product_cat","embeddable":true,"href":"https:\/\/montael.com\/index.php?rest_route=%2Fwp%2Fv2%2Fproduct_cat&post=8082"},{"taxonomy":"product_tag","embeddable":true,"href":"https:\/\/montael.com\/index.php?rest_route=%2Fwp%2Fv2%2Fproduct_tag&post=8082"}],"curies":[{"name":"wp","href":"https:\/\/api.w.org\/{rel}","templated":true}]}}