

{"id":8079,"date":"2024-05-31T16:03:39","date_gmt":"2024-05-31T16:03:39","guid":{"rendered":"https:\/\/montael.com\/new_site\/?post_type=product&#038;p=8079"},"modified":"2025-06-09T15:03:43","modified_gmt":"2025-06-09T14:03:43","slug":"sopra-xps-cw-60mm","status":"publish","type":"product","link":"https:\/\/montael.com\/?product=sopra-xps-cw-60mm","title":{"rendered":"Sopra XPS CW 60mm"},"content":{"rendered":"<div class=\"product-v4-detail\"><\/div>\n<div class=\"product-v4-detail\">\n<div class=\"product-v4-detail\">\n<div class=\"product-v4-detail-content wysiwyg\"><b>Vantagens:<\/b><br \/>\n\u00b7 Elevado poder de isolamento t\u00e9rmico. Melhoria da efici\u00eancia energ\u00e9tica do edif\u00edcio, com um grande contributo para a economia de energia.<br \/>\nIdeal para\u00a0<i>casas passivas\u00a0<\/i>ou\u00a0<i>edif\u00edcios com consumo quase nulo (nZEB)<\/i>.<br \/>\n\u00b7 C\u00e9lula fechada: Absor\u00e7\u00e3o de \u00e1gua praticamente nula, essencial para uso como isolamento pelo exterior.<br \/>\n\u00b7 Elevada durabilidade.<br \/>\n\u00b7 Grande resist\u00eancia \u00e0 compress\u00e3o, permitindo a sua aplica\u00e7\u00e3o em situa\u00e7\u00f5es de elevada solicita\u00e7\u00e3o mec\u00e2nica.<br \/>\n\u00b7 Pain\u00e9is de alta rigidez e baixo peso.<br \/>\n\u00b7 O seu grande formato de 2600 x 600 mm e encaixe macho-f\u00eamea permite a r\u00e1pida coloca\u00e7\u00e3o na vertical e autoportante.<br \/>\n\u00b7 Pode ser utilizado num amplo intervalo de temperaturas; de -50 \u00baC a +75 \u00baC.<br \/>\n\u00b7 Alta resist\u00eancia aos ciclos de gelo-degelo.<br \/>\n\u00b7 Fabricado sem CFC&#8217;s, HCFC&#8217;s, HFC&#8217;s ou HBCD&#8217;s.<br \/>\n<b><br \/>\nAplica\u00e7\u00e3o:<\/b><br \/>\n\u00b7 Fachadas em parede dupla com caixa de ar.<br \/>\n\u00b7 Caixa de ar de fachadas ventiladas.<br \/>\n\u00b7 Isolamento t\u00e9rmico interior com perfis met\u00e1licos e placas de gesso cartonado.<\/div>\n<\/div>\n<div class=\"product-v4-detail\">\n<p class=\"product-v4-detail-title\"><i class=\"ic ic-v4-implementation\"><\/i><strong>\u00a0Coloca\u00e7\u00e3o em obra:<\/strong><\/p>\n<div class=\"product-v4-detail-content wysiwyg\">CAIXA DE AR DE FACHADA:<br \/>\n\u00b7 Remover os ressaltos e irregularidades para tornar lisa a superf\u00edcie de assentamento da placa.<br \/>\n\u00b7 Aplicar uma barreira imperme\u00e1vel na base de cada laje, no interior da caixa de ar, com\u00a0<b>TEXTOP<\/b>.<br \/>\n\u00b7 As placas\u00a0<b>SOPRA XPS CW\u00a0<\/b>s\u00e3o colocadas verticalmente com as juntas macho e f\u00eamea encaixadas no topo, evitando assim a circula\u00e7\u00e3o de ar por convec\u00e7\u00e3o entre as duas faces &#8220;quente&#8221; e &#8220;fria&#8221; da caixa de ar.<br \/>\n\u00b7 Se a altura da caixa de ar for &gt; 2,60 m (mais alta que a placa), na altura restante o isolamento \u00e9 aplicado com os cortes necess\u00e1rios para dar continuidade, evitando assim a forma\u00e7\u00e3o de pontes t\u00e9rmicas.<br \/>\n\u00b7 Para deixar a caixa de ar ventilada, as placas\u00a0<b>SOPRA XPS CW\u00a0<\/b>ser\u00e3o fixadas com quatro fixa\u00e7\u00f5es mec\u00e2nicas (m\u00ednimo) pr\u00f3ximas dos cantos e uma no centro da placa, ou coladas na parede de suporte, em 80% da sua superf\u00edcie, com argamassa apropriada.<br \/>\n\u00b7 A face externa da fachada ser\u00e1 suportada ou fixada na laje ou face interna por meio de uma estrutura auxiliar, libertando as placas\u00a0<b>SOPRA XPS\u00a0<\/b>de tens\u00f5es, evitando pontes t\u00e9rmicas.<\/div>\n<\/div>\n<\/div>\n<p>&nbsp;<\/p>\n","protected":false},"excerpt":{"rendered":"<p>Placas de espuma r\u00edgida de poliestireno extrudido (XPS) de c\u00e9lula fechada com superf\u00edcie lisa e encaixe perif\u00e9rico macho-f\u00eamea. \u00c9 uma placa de grande formato para o isolamento t\u00e9rmico de paredes duplas com caixa de ar.<\/p>\n<ul>\n<li><strong>Pacote | 7 pain\u00e9is | 10.92m2 = 111,62\u20ac<\/strong><\/li>\n<li>Painel 2600x600mm\u00a0 (1.56m2)<\/li>\n<li>Espessura 60mm<\/li>\n<li>Palete | 131.04m2<\/li>\n<\/ul>\n<p>Marca: Soprema<\/p>\n","protected":false},"featured_media":8788,"template":"","meta":[],"product_cat":[146,238,296],"product_tag":[],"class_list":{"0":"post-8079","1":"product","2":"type-product","3":"status-publish","4":"has-post-thumbnail","6":"product_cat-construcao","7":"product_cat-isolamento","8":"product_cat-placas-poliestileno-extrudido-xps","9":"ts_product_brand-soprema","11":"first","12":"instock","13":"taxable","14":"shipping-taxable","15":"product-type-simple"},"_links":{"self":[{"href":"https:\/\/montael.com\/index.php?rest_route=\/wp\/v2\/product\/8079","targetHints":{"allow":["GET"]}}],"collection":[{"href":"https:\/\/montael.com\/index.php?rest_route=\/wp\/v2\/product"}],"about":[{"href":"https:\/\/montael.com\/index.php?rest_route=\/wp\/v2\/types\/product"}],"wp:featuredmedia":[{"embeddable":true,"href":"https:\/\/montael.com\/index.php?rest_route=\/wp\/v2\/media\/8788"}],"wp:attachment":[{"href":"https:\/\/montael.com\/index.php?rest_route=%2Fwp%2Fv2%2Fmedia&parent=8079"}],"wp:term":[{"taxonomy":"product_cat","embeddable":true,"href":"https:\/\/montael.com\/index.php?rest_route=%2Fwp%2Fv2%2Fproduct_cat&post=8079"},{"taxonomy":"product_tag","embeddable":true,"href":"https:\/\/montael.com\/index.php?rest_route=%2Fwp%2Fv2%2Fproduct_tag&post=8079"}],"curies":[{"name":"wp","href":"https:\/\/api.w.org\/{rel}","templated":true}]}}