

{"id":8049,"date":"2024-05-31T15:38:29","date_gmt":"2024-05-31T15:38:29","guid":{"rendered":"https:\/\/montael.com\/new_site\/?post_type=product&#038;p=8049"},"modified":"2025-06-09T10:06:07","modified_gmt":"2025-06-09T09:06:07","slug":"cortador-manual-ts-66-max","status":"publish","type":"product","link":"https:\/\/montael.com\/?product=cortador-manual-ts-66-max","title":{"rendered":"Cortador Manual TS-66 MAX"},"content":{"rendered":"<p><strong>Caracter\u00edsticas:<\/strong><\/p>\n<p>A\u00a0gama de\u00a0cortadores manuais TS-MAX\u00a0 oferece ao profissional uma ferramenta simples e funcional. Os cortadores manuais TS-MAX RUBI\u00a0s\u00e3o indicados para o corte intensivo de cer\u00e2mica em geral e, em especial, para o corte frequente de gr\u00e9s\u00a0esmaltado (tipo Bla).<\/p>\n<p>Todos os modelos da gama de\u00a0cortadores manuais TS-MAX incorporam um pr\u00e1tico separador monoponto de altas presta\u00e7\u00f5es, com\u00a0800 kg de pot\u00eancia m\u00e1xima de separa\u00e7\u00e3o, especialmente desenhado para o corte de materiais de\u00a0grande dureza e com espessuras m\u00e1ximas de 15 mm.<\/p>\n<p>As manetes bimat\u00e9ria dos cortadores manuais TS-MAX, com um cuidado desenho ergon\u00f3mico, possibilitam ao utilizador uma grande comodidade durante o trabalho. Todos os modelos de cortadores manuaisTS-MAX\u00a0incorporam tamb\u00e9m um topo lateral de grandes dimens\u00f5es para uma melhor fixa\u00e7\u00e3o da pe\u00e7a cer\u00e2mica e uma maior precis\u00e3o nos cortes repetitivos.<\/p>\n<p>Os cortadores manuais TS-MAX RUBI incorporam uma base refor\u00e7ada e de grandes dimens\u00f5es para que o profissional disponha de comodidade e estabilidade durante a sua utiliza\u00e7\u00e3o. Os cortadores manuais TS-MAX\u00a0 est\u00e3o equipados com duas guias de a\u00e7o cromadas, rectificadas, calibradas e com tratamento anti-corros\u00e3o. Este sistema de dupla guia oferece ao utilizador uma melhor e maior visibilidade da linha de corte, obtendo assim uma grande precis\u00e3o em todos os cortes.<\/p>\n<p>A possibilidade de utilizar toda a gama de cortantes permut\u00e1veis RUBI de 6 a 22 mm de di\u00e2metro permite adaptar o cortador manual TS-MAX a cada material cer\u00e2mico e obter o maior rendimento e qualidade no corte. Os cortadores manuais TS-MAX\u00a0 incorporam de s\u00e9rie dois cortantes: um de 6 mm de di\u00e2metro para corte de azulejo e outro de 10 mm para o gr\u00e9s esmaltado.<\/p>\n<p>Destaque ainda para um dos aspectos mais caracter\u00edsticos e pr\u00f3prios dos cortadores manuais RUBI: a maleta de transporte com fechos e dobradi\u00e7as refor\u00e7adas para proteger e facilitar a mobilidade dos nossos cortadores manuais.<\/p>\n","protected":false},"excerpt":{"rendered":"<p>Marca: Rubi<\/p>\n","protected":false},"featured_media":8051,"template":"","meta":[],"product_cat":[306,249,291],"product_tag":[],"class_list":{"0":"post-8049","1":"product","2":"type-product","3":"status-publish","4":"has-post-thumbnail","6":"product_cat-cortadores","7":"product_cat-ferramentas","8":"product_cat-ferramentas-corte-ceramica","9":"ts_product_brand-rubi","11":"first","12":"instock","13":"taxable","14":"shipping-taxable","15":"product-type-simple"},"_links":{"self":[{"href":"https:\/\/montael.com\/index.php?rest_route=\/wp\/v2\/product\/8049","targetHints":{"allow":["GET"]}}],"collection":[{"href":"https:\/\/montael.com\/index.php?rest_route=\/wp\/v2\/product"}],"about":[{"href":"https:\/\/montael.com\/index.php?rest_route=\/wp\/v2\/types\/product"}],"wp:featuredmedia":[{"embeddable":true,"href":"https:\/\/montael.com\/index.php?rest_route=\/wp\/v2\/media\/8051"}],"wp:attachment":[{"href":"https:\/\/montael.com\/index.php?rest_route=%2Fwp%2Fv2%2Fmedia&parent=8049"}],"wp:term":[{"taxonomy":"product_cat","embeddable":true,"href":"https:\/\/montael.com\/index.php?rest_route=%2Fwp%2Fv2%2Fproduct_cat&post=8049"},{"taxonomy":"product_tag","embeddable":true,"href":"https:\/\/montael.com\/index.php?rest_route=%2Fwp%2Fv2%2Fproduct_tag&post=8049"}],"curies":[{"name":"wp","href":"https:\/\/api.w.org\/{rel}","templated":true}]}}