

{"id":8028,"date":"2024-05-31T15:25:10","date_gmt":"2024-05-31T15:25:10","guid":{"rendered":"https:\/\/montael.com\/new_site\/?post_type=product&#038;p=8028"},"modified":"2025-06-09T10:07:07","modified_gmt":"2025-06-09T09:07:07","slug":"cortador-manual-tz","status":"publish","type":"product","link":"https:\/\/montael.com\/?product=cortador-manual-tz","title":{"rendered":"Cortador Manual TZ"},"content":{"rendered":"<p><strong>Caracter\u00edsticas:<\/strong><\/p>\n<ul>\n<li data-v-99c9c9dc=\"\">Potente conjunto separador (at\u00e9 1.500 Kg), oper\u00e1vel com uma s\u00f3 m\u00e3o.<\/li>\n<li data-v-99c9c9dc=\"\">Movimento do separador mais suave e preciso.<\/li>\n<li data-v-99c9c9dc=\"\">Grande capacidade de corte, at\u00e9 21 mm de espessura. Ideal para grandes formatos*.<\/li>\n<li data-v-99c9c9dc=\"\">Grande capacidade de corte, at\u00e9 21 mm de espessura. Ideal para grandes formatos*.<\/li>\n<\/ul>\n<p>*Existem alguns materiais cer\u00e2micos com espessuras superiores a 15mm que, pelas suas caracter\u00edsticas f\u00edsicas, poss\u00edveis tens\u00f5es internas ou acabamentos, apresentam dificuldades ao serem cortadas manualmente. \u00c9 recomend\u00e1vel realizar alguns cortes em amostras para determinar a compatibilidade do produto.<\/p>\n","protected":false},"excerpt":{"rendered":"<p>Marca: Rubi<\/p>\n","protected":false},"featured_media":8029,"template":"","meta":[],"product_cat":[306,249,291],"product_tag":[],"class_list":{"0":"post-8028","1":"product","2":"type-product","3":"status-publish","4":"has-post-thumbnail","6":"product_cat-cortadores","7":"product_cat-ferramentas","8":"product_cat-ferramentas-corte-ceramica","9":"ts_product_brand-rubi","11":"first","12":"instock","13":"taxable","14":"shipping-taxable","15":"product-type-simple"},"_links":{"self":[{"href":"https:\/\/montael.com\/index.php?rest_route=\/wp\/v2\/product\/8028","targetHints":{"allow":["GET"]}}],"collection":[{"href":"https:\/\/montael.com\/index.php?rest_route=\/wp\/v2\/product"}],"about":[{"href":"https:\/\/montael.com\/index.php?rest_route=\/wp\/v2\/types\/product"}],"wp:featuredmedia":[{"embeddable":true,"href":"https:\/\/montael.com\/index.php?rest_route=\/wp\/v2\/media\/8029"}],"wp:attachment":[{"href":"https:\/\/montael.com\/index.php?rest_route=%2Fwp%2Fv2%2Fmedia&parent=8028"}],"wp:term":[{"taxonomy":"product_cat","embeddable":true,"href":"https:\/\/montael.com\/index.php?rest_route=%2Fwp%2Fv2%2Fproduct_cat&post=8028"},{"taxonomy":"product_tag","embeddable":true,"href":"https:\/\/montael.com\/index.php?rest_route=%2Fwp%2Fv2%2Fproduct_tag&post=8028"}],"curies":[{"name":"wp","href":"https:\/\/api.w.org\/{rel}","templated":true}]}}