

{"id":7996,"date":"2024-05-31T14:43:43","date_gmt":"2024-05-31T14:43:43","guid":{"rendered":"https:\/\/montael.com\/new_site\/?post_type=product&#038;p=7996"},"modified":"2025-06-11T09:21:36","modified_gmt":"2025-06-11T08:21:36","slug":"rebarbadora-2600w","status":"publish","type":"product","link":"https:\/\/montael.com\/?product=rebarbadora-2600w","title":{"rendered":"Rebarbadora 2600W"},"content":{"rendered":"<p class=\"text-cinzento-300 mt-7 text-sm leading-descricao\">Rebarbadora com 2600W e um desempenho de qualidade profissional, possui prote\u00e7\u00e3o contra re-arranque, bloqueio do veio de rota\u00e7\u00e3o, prote\u00e7\u00e3o do disco ajust\u00e1vel e bloqueio do interruptor on\/off.<\/p>\n<p><strong>Caracter\u00edsticas:<\/strong><\/p>\n<ul class=\"list-disc ml-5 mt-3\">\n<li>Com disco de 230 mm de di\u00e2metro e 2600W, esta rebarbadora apresenta uma elevada pot\u00eancia que potencia resultados eficientes.<\/li>\n<li>Possui prote\u00e7\u00e3o contra re-arranque, bloqueio do veio de rota\u00e7\u00e3o e prote\u00e7\u00e3o do disco ajust\u00e1vel o que lhe confere uma maior seguran\u00e7a.<\/li>\n<li>A fun\u00e7\u00e3o de bloqueio do bot\u00e3o On\/off permite ao utilizador adaptar a velocidade ao trabalho.<\/li>\n<li>Com 6500 rpm, esta m\u00e1quina \u00e9 de f\u00e1cil e c\u00f3moda utiliza\u00e7\u00e3o, permitindo-lhe colocar a pega auxiliar em 3 pontos distintos, adaptando-se \u00e0s necessidades do trabalho.<\/li>\n<\/ul>\n","protected":false},"excerpt":{"rendered":"<ul>\n<li>Disco n\u00e3o inclu\u00eddo<\/li>\n<\/ul>\n<p>Marca: Vito<\/p>\n","protected":false},"featured_media":7997,"template":"","meta":[],"product_cat":[249,250],"product_tag":[],"class_list":{"0":"post-7996","1":"product","2":"type-product","3":"status-publish","4":"has-post-thumbnail","6":"product_cat-ferramentas","7":"product_cat-eletricas","8":"ts_product_brand-vito","10":"first","11":"instock","12":"taxable","13":"shipping-taxable","14":"product-type-simple"},"_links":{"self":[{"href":"https:\/\/montael.com\/index.php?rest_route=\/wp\/v2\/product\/7996","targetHints":{"allow":["GET"]}}],"collection":[{"href":"https:\/\/montael.com\/index.php?rest_route=\/wp\/v2\/product"}],"about":[{"href":"https:\/\/montael.com\/index.php?rest_route=\/wp\/v2\/types\/product"}],"wp:featuredmedia":[{"embeddable":true,"href":"https:\/\/montael.com\/index.php?rest_route=\/wp\/v2\/media\/7997"}],"wp:attachment":[{"href":"https:\/\/montael.com\/index.php?rest_route=%2Fwp%2Fv2%2Fmedia&parent=7996"}],"wp:term":[{"taxonomy":"product_cat","embeddable":true,"href":"https:\/\/montael.com\/index.php?rest_route=%2Fwp%2Fv2%2Fproduct_cat&post=7996"},{"taxonomy":"product_tag","embeddable":true,"href":"https:\/\/montael.com\/index.php?rest_route=%2Fwp%2Fv2%2Fproduct_tag&post=7996"}],"curies":[{"name":"wp","href":"https:\/\/api.w.org\/{rel}","templated":true}]}}