

{"id":7985,"date":"2024-05-31T14:39:05","date_gmt":"2024-05-31T14:39:05","guid":{"rendered":"https:\/\/montael.com\/new_site\/?post_type=product&#038;p=7985"},"modified":"2025-06-11T09:22:13","modified_gmt":"2025-06-11T08:22:13","slug":"gerador-monofasico-3kva","status":"publish","type":"product","link":"https:\/\/montael.com\/?product=gerador-monofasico-3kva","title":{"rendered":"Gerador Monof\u00e1sico 3KVA"},"content":{"rendered":"<p class=\"text-cinzento-300 mt-7 text-sm leading-descricao\">Gerador Monof\u00e1sico 3kVA, com uma pot\u00eancia do motor de 6,5hp e uma cilindrada de 196cc<\/p>\n<p><strong>Caracter\u00edsticas:<\/strong><\/p>\n<ul class=\"list-disc ml-5 mt-3\">\n<li>Com 3 kVA apresenta um design inovador e uma qualidade reconhecida.<\/li>\n<li>Est\u00e1 equipado com disjuntor de prote\u00e7\u00e3o contra sobrecargas de energia e pegas protegidas para mobilidade mais f\u00e1cil.<\/li>\n<li>Arranque Manual do Motor.<\/li>\n<li>Interruptor On\/Off.<\/li>\n<\/ul>\n","protected":false},"excerpt":{"rendered":"<ul>\n<li>Inclui kit de manuten\u00e7\u00e3o<\/li>\n<\/ul>\n<p>Marca: Vito<\/p>\n","protected":false},"featured_media":7986,"template":"","meta":[],"product_cat":[249,250],"product_tag":[],"class_list":{"0":"post-7985","1":"product","2":"type-product","3":"status-publish","4":"has-post-thumbnail","6":"product_cat-ferramentas","7":"product_cat-eletricas","8":"ts_product_brand-vito","10":"first","11":"instock","12":"taxable","13":"shipping-taxable","14":"product-type-simple"},"_links":{"self":[{"href":"https:\/\/montael.com\/index.php?rest_route=\/wp\/v2\/product\/7985","targetHints":{"allow":["GET"]}}],"collection":[{"href":"https:\/\/montael.com\/index.php?rest_route=\/wp\/v2\/product"}],"about":[{"href":"https:\/\/montael.com\/index.php?rest_route=\/wp\/v2\/types\/product"}],"wp:featuredmedia":[{"embeddable":true,"href":"https:\/\/montael.com\/index.php?rest_route=\/wp\/v2\/media\/7986"}],"wp:attachment":[{"href":"https:\/\/montael.com\/index.php?rest_route=%2Fwp%2Fv2%2Fmedia&parent=7985"}],"wp:term":[{"taxonomy":"product_cat","embeddable":true,"href":"https:\/\/montael.com\/index.php?rest_route=%2Fwp%2Fv2%2Fproduct_cat&post=7985"},{"taxonomy":"product_tag","embeddable":true,"href":"https:\/\/montael.com\/index.php?rest_route=%2Fwp%2Fv2%2Fproduct_tag&post=7985"}],"curies":[{"name":"wp","href":"https:\/\/api.w.org\/{rel}","templated":true}]}}