

{"id":7984,"date":"2024-05-31T14:35:10","date_gmt":"2024-05-31T14:35:10","guid":{"rendered":"https:\/\/montael.com\/new_site\/?post_type=product&#038;p=7984"},"modified":"2025-06-11T09:22:39","modified_gmt":"2025-06-11T08:22:39","slug":"martelo-perfurador-demolidor-850w-sds-plus","status":"publish","type":"product","link":"https:\/\/montael.com\/?product=martelo-perfurador-demolidor-850w-sds-plus","title":{"rendered":"Martelo Perfurador Demolidor 850W SDS PLUS"},"content":{"rendered":"<p class=\"text-cinzento-300 mt-7 text-sm leading-descricao\">Martelo Perfurador Demolidor 850W da VITO (VIMPDP850) com quatro fun\u00e7\u00f5es desde perfura\u00e7\u00e3o, perfura\u00e7\u00e3o com impacto (alvenaria), fun\u00e7\u00e3o demoli\u00e7\u00e3o (cinzelagem) e ainda ajuste da posi\u00e7\u00e3o do cinzel.<\/p>\n<p><strong>Carater\u00edsticas:<\/strong><\/p>\n<ul class=\"list-disc ml-5 mt-3\">\n<li>Seletor de modo;<\/li>\n<li>Rota\u00e7\u00e3o revers\u00edvel: direita e esquerda;<\/li>\n<li>Punhos anti deslizantes ajust\u00e1veis;<\/li>\n<li>Mais leve e f\u00e1cil de manusear.<\/li>\n<\/ul>\n","protected":false},"excerpt":{"rendered":"<ul>\n<li>Inclui mala e acess\u00f3rios<\/li>\n<\/ul>\n<p>Marca: Vito<\/p>\n","protected":false},"featured_media":7991,"template":"","meta":[],"product_cat":[249,250],"product_tag":[],"class_list":{"0":"post-7984","1":"product","2":"type-product","3":"status-publish","4":"has-post-thumbnail","6":"product_cat-ferramentas","7":"product_cat-eletricas","8":"ts_product_brand-vito","10":"first","11":"instock","12":"taxable","13":"shipping-taxable","14":"product-type-simple"},"_links":{"self":[{"href":"https:\/\/montael.com\/index.php?rest_route=\/wp\/v2\/product\/7984","targetHints":{"allow":["GET"]}}],"collection":[{"href":"https:\/\/montael.com\/index.php?rest_route=\/wp\/v2\/product"}],"about":[{"href":"https:\/\/montael.com\/index.php?rest_route=\/wp\/v2\/types\/product"}],"wp:featuredmedia":[{"embeddable":true,"href":"https:\/\/montael.com\/index.php?rest_route=\/wp\/v2\/media\/7991"}],"wp:attachment":[{"href":"https:\/\/montael.com\/index.php?rest_route=%2Fwp%2Fv2%2Fmedia&parent=7984"}],"wp:term":[{"taxonomy":"product_cat","embeddable":true,"href":"https:\/\/montael.com\/index.php?rest_route=%2Fwp%2Fv2%2Fproduct_cat&post=7984"},{"taxonomy":"product_tag","embeddable":true,"href":"https:\/\/montael.com\/index.php?rest_route=%2Fwp%2Fv2%2Fproduct_tag&post=7984"}],"curies":[{"name":"wp","href":"https:\/\/api.w.org\/{rel}","templated":true}]}}