

{"id":7981,"date":"2024-05-31T14:29:43","date_gmt":"2024-05-31T14:29:43","guid":{"rendered":"https:\/\/montael.com\/new_site\/?post_type=product&#038;p=7981"},"modified":"2025-06-11T09:23:17","modified_gmt":"2025-06-11T08:23:17","slug":"berbequim-com-percussao-20v","status":"publish","type":"product","link":"https:\/\/montael.com\/?product=berbequim-com-percussao-20v","title":{"rendered":"Berbequim Com Percuss\u00e3o 20V"},"content":{"rendered":"<p class=\"text-cinzento-300 mt-7 text-sm leading-descricao\">Berbequim de Percuss\u00e3o sem Fios com uma tens\u00e3o nominal de 20V DC, com uma Velocidade de Rota\u00e7\u00e3o em Vazio de 0-350 e 0-1250rpm.<\/p>\n<p><strong>Caracter\u00edsticas:<\/strong><\/p>\n<ul class=\"list-disc ml-5 mt-3\">\n<li>Berbequim de percuss\u00e3o sem fios, com velocidade vari\u00e1vel e sentido de rota\u00e7\u00e3o revers\u00edvel.<\/li>\n<li>Com 2 velocidades, este berbequim \u00e9 ideal a qualquer utilizador, tendo um desempenho de elevada qualidade.<\/li>\n<li>Possui uma bucha met\u00e1lica de aperto r\u00e1pido com bloqueio do eixo de rota\u00e7\u00e3o.<\/li>\n<li>Perfura\u00e7\u00e3o com impacto, gra\u00e7as \u00e0 sua fun\u00e7\u00e3o martelo.<\/li>\n<li>Led de ilumina\u00e7\u00e3o da superf\u00edcie de trabalho.<\/li>\n<li>Clip revers\u00edvel para cinto.<\/li>\n<\/ul>\n","protected":false},"excerpt":{"rendered":"<p>Marca: Vito<\/p>\n","protected":false},"featured_media":7982,"template":"","meta":[],"product_cat":[249,250],"product_tag":[],"class_list":{"0":"post-7981","1":"product","2":"type-product","3":"status-publish","4":"has-post-thumbnail","6":"product_cat-ferramentas","7":"product_cat-eletricas","8":"ts_product_brand-vito","10":"first","11":"instock","12":"taxable","13":"shipping-taxable","14":"product-type-simple"},"_links":{"self":[{"href":"https:\/\/montael.com\/index.php?rest_route=\/wp\/v2\/product\/7981","targetHints":{"allow":["GET"]}}],"collection":[{"href":"https:\/\/montael.com\/index.php?rest_route=\/wp\/v2\/product"}],"about":[{"href":"https:\/\/montael.com\/index.php?rest_route=\/wp\/v2\/types\/product"}],"wp:featuredmedia":[{"embeddable":true,"href":"https:\/\/montael.com\/index.php?rest_route=\/wp\/v2\/media\/7982"}],"wp:attachment":[{"href":"https:\/\/montael.com\/index.php?rest_route=%2Fwp%2Fv2%2Fmedia&parent=7981"}],"wp:term":[{"taxonomy":"product_cat","embeddable":true,"href":"https:\/\/montael.com\/index.php?rest_route=%2Fwp%2Fv2%2Fproduct_cat&post=7981"},{"taxonomy":"product_tag","embeddable":true,"href":"https:\/\/montael.com\/index.php?rest_route=%2Fwp%2Fv2%2Fproduct_tag&post=7981"}],"curies":[{"name":"wp","href":"https:\/\/api.w.org\/{rel}","templated":true}]}}