

{"id":7979,"date":"2024-05-31T14:22:53","date_gmt":"2024-05-31T14:22:53","guid":{"rendered":"https:\/\/montael.com\/new_site\/?post_type=product&#038;p=7979"},"modified":"2025-06-11T09:23:43","modified_gmt":"2025-06-11T08:23:43","slug":"colete-alcochoado-alpha","status":"publish","type":"product","link":"https:\/\/montael.com\/?product=colete-alcochoado-alpha","title":{"rendered":"Colete Alcochoado ALPHA"},"content":{"rendered":"<p class=\"text-cinzento-300 mt-7 text-sm leading-descricao\">O Colete Acolchoado ALPHA da VITO representa um \u00edcone de moda nas esta\u00e7\u00f5es mais rigorosas. Desenhado para enfrentar os dias mais frios com ousadia e estilo, este modelo destaca-se pelo seu design acolchoado, proporcionando leveza, total liberdade de movimentos e o m\u00e1ximo de conforto.<\/p>\n<p><strong>Caracter\u00edsticas:<\/strong><\/p>\n<ul>\n<li>Colete com design confort\u00e1vel e funcional;<\/li>\n<li>A utiliza\u00e7\u00e3o de diferentes tecidos conjugam na flexibilidade, durabilidade e prote\u00e7\u00e3o contra as condi\u00e7\u00f5es climat\u00e9ricas (frio \/ vento\/ chuva);<\/li>\n<li>Respir\u00e1vel e adequado para atividades ao ar livre;<\/li>\n<li>Repelente \u00e0 \u00e1gua (DWR);<\/li>\n<li>Fecho de correr com protetor de queixo;<\/li>\n<li>2 bolsos laterais com forro no interior e fechos de correr;<\/li>\n<li>1 bolso de peito com fecho de correr;<\/li>\n<li>1 Bolso interno com fecho de correr para aplica\u00e7\u00e3o de carteira;<\/li>\n<li>1 Bolso interno com bot\u00e3o para telem\u00f3vel ou bloco de notas;<\/li>\n<li>Faixas refletoras na pala dianteira e traseira;<\/li>\n<\/ul>\n","protected":false},"excerpt":{"rendered":"<ul>\n<li>Dispon\u00edvel do tamanho S ao XXL<\/li>\n<\/ul>\n<p>Marca: Vito<\/p>\n","protected":false},"featured_media":7980,"template":"","meta":[],"product_cat":[248],"product_tag":[],"class_list":{"0":"post-7979","1":"product","2":"type-product","3":"status-publish","4":"has-post-thumbnail","6":"product_cat-vestuario","7":"ts_product_brand-vito","9":"first","10":"instock","11":"taxable","12":"shipping-taxable","13":"product-type-simple"},"_links":{"self":[{"href":"https:\/\/montael.com\/index.php?rest_route=\/wp\/v2\/product\/7979","targetHints":{"allow":["GET"]}}],"collection":[{"href":"https:\/\/montael.com\/index.php?rest_route=\/wp\/v2\/product"}],"about":[{"href":"https:\/\/montael.com\/index.php?rest_route=\/wp\/v2\/types\/product"}],"wp:featuredmedia":[{"embeddable":true,"href":"https:\/\/montael.com\/index.php?rest_route=\/wp\/v2\/media\/7980"}],"wp:attachment":[{"href":"https:\/\/montael.com\/index.php?rest_route=%2Fwp%2Fv2%2Fmedia&parent=7979"}],"wp:term":[{"taxonomy":"product_cat","embeddable":true,"href":"https:\/\/montael.com\/index.php?rest_route=%2Fwp%2Fv2%2Fproduct_cat&post=7979"},{"taxonomy":"product_tag","embeddable":true,"href":"https:\/\/montael.com\/index.php?rest_route=%2Fwp%2Fv2%2Fproduct_tag&post=7979"}],"curies":[{"name":"wp","href":"https:\/\/api.w.org\/{rel}","templated":true}]}}