

{"id":7971,"date":"2024-05-31T14:06:24","date_gmt":"2024-05-31T14:06:24","guid":{"rendered":"https:\/\/montael.com\/new_site\/?post_type=product&#038;p=7971"},"modified":"2025-06-09T15:06:22","modified_gmt":"2025-06-09T14:06:22","slug":"sopra-xps-sl80","status":"publish","type":"product","link":"https:\/\/montael.com\/?product=sopra-xps-sl80","title":{"rendered":"Sopra XPS SL80"},"content":{"rendered":"<div class=\"product-v4-detail\">\n<p><b>Vantagens:<\/b><\/p>\n<ul>\n<li>Elevado poder de isolamento t\u00e9rmico. Melhoria da efici\u00eancia energ\u00e9tica do edif\u00edcio, com um grande contributo para a economia de energia.<br \/>\nIdeal para\u00a0<i>casas passivas\u00a0<\/i>ou\u00a0<i>edif\u00edcios com consumo quase nulo (nZEB)<\/i>.<\/li>\n<li>C\u00e9lula fechada: Absor\u00e7\u00e3o de \u00e1gua praticamente nula, essencial para uso como isolamento pelo exterior.<\/li>\n<li>Elevada durabilidade.<\/li>\n<li>\u00a0Grande resist\u00eancia \u00e0 compress\u00e3o, permitindo a sua aplica\u00e7\u00e3o em situa\u00e7\u00f5es de elevada solicita\u00e7\u00e3o mec\u00e2nica.<\/li>\n<li>\u00a0Pain\u00e9is de alta rigidez e baixo peso.<\/li>\n<li>Pode ser utilizado num amplo intervalo de temperaturas; de -50 \u00baC a +75 \u00baC.<\/li>\n<li>\u00a0Alta resist\u00eancia aos ciclos de gelo-degelo.<\/li>\n<li>\u00a0Fabricado sem CFC&#8217;s, HCFC&#8217;s, HFC&#8217;s ni HBCD&#8217;s.<br \/>\n<b><br \/>\nAplica\u00e7\u00e3o:<\/b><\/li>\n<li>Coberturas planas invertidas e respetiva reabilita\u00e7\u00e3o.<\/li>\n<li>\u00a0Coberturas inclinadas com telhas colocadas com perfil e a sua reabilita\u00e7\u00e3o.<\/li>\n<li>\u00a0Pavimentos interiores, incluindo pavimento radiante e pavimento flutuante em madeira.<\/li>\n<li>Isolamento de edif\u00edcios refrigerados.<\/li>\n<li>\u00a0Isolamento perimetral de muros.<\/li>\n<li>Lajes de funda\u00e7\u00e3o de suporte de carga.<\/li>\n<li>Lajes e lajetas simplesmente apoiadas.<\/li>\n<li>Teto de garagens e caves.<\/li>\n<li>\u00a0Isolamento t\u00e9rmico interior combinado com perfis met\u00e1licos e placas de gesso cartonado.<\/li>\n<\/ul>\n<\/div>\n<div class=\"product-v4-detail\">\n<h2 class=\"product-v4-detail-title\"><i class=\"ic ic-v4-implementation\"><\/i>\u00a0Coloca\u00e7\u00e3o em obra<\/h2>\n<div class=\"product-v4-detail-content wysiwyg\">COBERTURA PLANA INVERTIDA (pendente \u22645%):<\/div>\n<ul>\n<li class=\"product-v4-detail-content wysiwyg\">As placas <b>SOPRA XPS SL\u00a0<\/b>ser\u00e3o colocadas soltas, com juntas encaixadas e contra fiadas nas v\u00e1rias filas. Se for aplicada uma segunda camada, as juntas n\u00e3o devem coincidir com a primeira camada e assim sucessivamente.<\/li>\n<li class=\"product-v4-detail-content wysiwyg\">As placas <b>SOPRA XPS SL\u00a0<\/b>ser\u00e3o colocadas de modo sistem\u00e1tico em contato direto com a impermeabiliza\u00e7\u00e3o da parede.<\/li>\n<li class=\"product-v4-detail-content wysiwyg\">A fixa\u00e7\u00e3o pode ser efetuada das seguintes maneiras:<tt><br \/>\n-\u00a0<\/tt>Com adesivo de poliuretano.<tt><br \/>\n-\u00a0<\/tt>Com cola de base betuminosa a frio (n\u00e3o solvente).<tt><br \/>\n-\u00a0<\/tt>Com\u00a0<b>FIXA\u00c7\u00d5ES PT-H<\/b>.<tt><br \/>\n-\u00a0<\/tt>Com tiras autoadesivas de dupla face (betume modificado ou butil).<\/li>\n<\/ul>\n<\/div>\n<p>&nbsp;<\/p>\n","protected":false},"excerpt":{"rendered":"<p>Placas de espuma r\u00edgida de poliestireno extrudido (XPS) com superf\u00edcie lisa e acabamento lateral com sec\u00e7\u00e3o em meia madeira. Utilizadas no isolamento t\u00e9rmico de coberturas planas invertidas, coberturas inclinadas, pavimentos de cargas ligeiras e muros enterrados.<\/p>\n<ul>\n<li><strong>Pacote | 5 pain\u00e9is | 3.75m2 = 51,80\u20ac<\/strong><\/li>\n<li>Painel 1250x600mm\u00a0 (0.75m2)<\/li>\n<li>Espessura 80mm<\/li>\n<li>Palete | 45m2<\/li>\n<\/ul>\n<p>Marca: Soprema<\/p>\n","protected":false},"featured_media":7970,"template":"","meta":[],"product_cat":[146,238,296],"product_tag":[],"class_list":{"0":"post-7971","1":"product","2":"type-product","3":"status-publish","4":"has-post-thumbnail","6":"product_cat-construcao","7":"product_cat-isolamento","8":"product_cat-placas-poliestileno-extrudido-xps","9":"ts_product_brand-soprema","11":"first","12":"instock","13":"taxable","14":"shipping-taxable","15":"product-type-simple"},"_links":{"self":[{"href":"https:\/\/montael.com\/index.php?rest_route=\/wp\/v2\/product\/7971","targetHints":{"allow":["GET"]}}],"collection":[{"href":"https:\/\/montael.com\/index.php?rest_route=\/wp\/v2\/product"}],"about":[{"href":"https:\/\/montael.com\/index.php?rest_route=\/wp\/v2\/types\/product"}],"wp:featuredmedia":[{"embeddable":true,"href":"https:\/\/montael.com\/index.php?rest_route=\/wp\/v2\/media\/7970"}],"wp:attachment":[{"href":"https:\/\/montael.com\/index.php?rest_route=%2Fwp%2Fv2%2Fmedia&parent=7971"}],"wp:term":[{"taxonomy":"product_cat","embeddable":true,"href":"https:\/\/montael.com\/index.php?rest_route=%2Fwp%2Fv2%2Fproduct_cat&post=7971"},{"taxonomy":"product_tag","embeddable":true,"href":"https:\/\/montael.com\/index.php?rest_route=%2Fwp%2Fv2%2Fproduct_tag&post=7971"}],"curies":[{"name":"wp","href":"https:\/\/api.w.org\/{rel}","templated":true}]}}