

{"id":7969,"date":"2024-05-31T13:58:47","date_gmt":"2024-05-31T13:58:47","guid":{"rendered":"https:\/\/montael.com\/new_site\/?post_type=product&#038;p=7969"},"modified":"2025-06-11T09:24:38","modified_gmt":"2025-06-11T08:24:38","slug":"calcas-de-trabalho-comfort-plus","status":"publish","type":"product","link":"https:\/\/montael.com\/?product=calcas-de-trabalho-comfort-plus","title":{"rendered":"Cal\u00e7as de Trabalho COMFORT PLUS"},"content":{"rendered":"<p class=\"text-cinzento-300 mt-7 text-sm leading-descricao\">Cal\u00e7as de Trabalho com prote\u00e7\u00e3o Oxford e 6 bolsos, facilitando a realiza\u00e7\u00e3o das suas atividades.<\/p>\n<p><strong>Caracter\u00edsticas:<\/strong><\/p>\n<ul class=\"list-disc ml-5 mt-3\">\n<li>Gramagem: 267 (g\/m\u00b2);<\/li>\n<li>Composi\u00e7\u00e3o: 80% poli\u00e9ster, 20% algod\u00e3o;<\/li>\n<li>Certifica\u00e7\u00e3o: OEKO-TEX STANDARD 100;<\/li>\n<li>Fecho de correr com bot\u00e3o;<\/li>\n<li>Cintura lateral el\u00e1stica;<\/li>\n<li>Prote\u00e7\u00e3o refor\u00e7ada nos joelhos;<\/li>\n<li>Dois bolsos frontais abertos e tr\u00eas presilhas;<\/li>\n<li>Tr\u00eas bolsos com pala e velcro;<\/li>\n<li>Um bolso de metro.<\/li>\n<\/ul>\n","protected":false},"excerpt":{"rendered":"<ul>\n<li>Dispon\u00edvel do tamanho 40 ao 50<\/li>\n<\/ul>\n<p>Marca: Vito<\/p>\n","protected":false},"featured_media":7966,"template":"","meta":[],"product_cat":[248],"product_tag":[],"class_list":{"0":"post-7969","1":"product","2":"type-product","3":"status-publish","4":"has-post-thumbnail","6":"product_cat-vestuario","7":"ts_product_brand-vito","9":"first","10":"instock","11":"taxable","12":"shipping-taxable","13":"product-type-simple"},"_links":{"self":[{"href":"https:\/\/montael.com\/index.php?rest_route=\/wp\/v2\/product\/7969","targetHints":{"allow":["GET"]}}],"collection":[{"href":"https:\/\/montael.com\/index.php?rest_route=\/wp\/v2\/product"}],"about":[{"href":"https:\/\/montael.com\/index.php?rest_route=\/wp\/v2\/types\/product"}],"wp:featuredmedia":[{"embeddable":true,"href":"https:\/\/montael.com\/index.php?rest_route=\/wp\/v2\/media\/7966"}],"wp:attachment":[{"href":"https:\/\/montael.com\/index.php?rest_route=%2Fwp%2Fv2%2Fmedia&parent=7969"}],"wp:term":[{"taxonomy":"product_cat","embeddable":true,"href":"https:\/\/montael.com\/index.php?rest_route=%2Fwp%2Fv2%2Fproduct_cat&post=7969"},{"taxonomy":"product_tag","embeddable":true,"href":"https:\/\/montael.com\/index.php?rest_route=%2Fwp%2Fv2%2Fproduct_tag&post=7969"}],"curies":[{"name":"wp","href":"https:\/\/api.w.org\/{rel}","templated":true}]}}