

{"id":7959,"date":"2024-05-31T13:51:21","date_gmt":"2024-05-31T13:51:21","guid":{"rendered":"https:\/\/montael.com\/new_site\/?post_type=product&#038;p=7959"},"modified":"2025-06-11T09:25:05","modified_gmt":"2025-06-11T08:25:05","slug":"casaco-de-trabalho-comfort-plus","status":"publish","type":"product","link":"https:\/\/montael.com\/?product=casaco-de-trabalho-comfort-plus","title":{"rendered":"Casaco de Trabalho COMFORT PLUS"},"content":{"rendered":"<p class=\"text-cinzento-300 mt-7 text-sm leading-descricao\">Casaco de Trabalho com zip recoberto com aperto por velcro, tem uma prote\u00e7\u00e3o Oxford com 9 bolsos, facilitando a execu\u00e7\u00e3o das suas atividades.<\/p>\n<p><strong>Caracter\u00edsticas:<\/strong><\/p>\n<ul class=\"list-disc ml-5 mt-3\">\n<li>Gramagem: 267 (g\/m\u00b2);<\/li>\n<li>Composi\u00e7\u00e3o: 80% poli\u00e9ster, 20% algod\u00e3o;<\/li>\n<li>Certifica\u00e7\u00e3o: OEKO-TEX STANDARD 100;<\/li>\n<li>Fecho de correr com aperto por velcro;<\/li>\n<li>Tripla costura de seguran\u00e7a;<\/li>\n<li>Punhos el\u00e1sticos;<\/li>\n<li>Divis\u00f3rias para canetas;<\/li>\n<li>Dois bolsos com pala e velcro;<\/li>\n<li>Dois bolsos com velcro;<\/li>\n<li>Quatro bolsos abertos.<\/li>\n<\/ul>\n","protected":false},"excerpt":{"rendered":"<ul>\n<li>Dispon\u00edvel do tamanho M ao XXL<\/li>\n<\/ul>\n<p>Marca: Vito<\/p>\n","protected":false},"featured_media":7960,"template":"","meta":[],"product_cat":[248],"product_tag":[],"class_list":{"0":"post-7959","1":"product","2":"type-product","3":"status-publish","4":"has-post-thumbnail","6":"product_cat-vestuario","7":"ts_product_brand-vito","9":"first","10":"instock","11":"taxable","12":"shipping-taxable","13":"product-type-simple"},"_links":{"self":[{"href":"https:\/\/montael.com\/index.php?rest_route=\/wp\/v2\/product\/7959","targetHints":{"allow":["GET"]}}],"collection":[{"href":"https:\/\/montael.com\/index.php?rest_route=\/wp\/v2\/product"}],"about":[{"href":"https:\/\/montael.com\/index.php?rest_route=\/wp\/v2\/types\/product"}],"wp:featuredmedia":[{"embeddable":true,"href":"https:\/\/montael.com\/index.php?rest_route=\/wp\/v2\/media\/7960"}],"wp:attachment":[{"href":"https:\/\/montael.com\/index.php?rest_route=%2Fwp%2Fv2%2Fmedia&parent=7959"}],"wp:term":[{"taxonomy":"product_cat","embeddable":true,"href":"https:\/\/montael.com\/index.php?rest_route=%2Fwp%2Fv2%2Fproduct_cat&post=7959"},{"taxonomy":"product_tag","embeddable":true,"href":"https:\/\/montael.com\/index.php?rest_route=%2Fwp%2Fv2%2Fproduct_tag&post=7959"}],"curies":[{"name":"wp","href":"https:\/\/api.w.org\/{rel}","templated":true}]}}