

{"id":7954,"date":"2024-05-31T13:46:23","date_gmt":"2024-05-31T13:46:23","guid":{"rendered":"https:\/\/montael.com\/new_site\/?post_type=product&#038;p=7954"},"modified":"2025-06-11T09:25:42","modified_gmt":"2025-06-11T08:25:42","slug":"colete-acolchoado-termico-loki","status":"publish","type":"product","link":"https:\/\/montael.com\/?product=colete-acolchoado-termico-loki","title":{"rendered":"Colete Acolchoado T\u00e9rmico LOKI"},"content":{"rendered":"<p class=\"text-cinzento-300 mt-7 text-sm leading-descricao\">O Colete Acolchoado T\u00e9rmico LOKI da VITO \u00e9 uma pe\u00e7a irreverente e vers\u00e1til que re\u00fane estilo e funcionalidade para enfrentar os dias mais frios com garra e confian\u00e7a.<br \/>\nO LOKI diferencia-se pela sua tecnologia &#8220;thermal reflection&#8221; que cont\u00e9m um forro interno refletor, mantendo a zona das costas sempre aquecida.<\/p>\n<p><strong>Caracter\u00edsticas:<\/strong><\/p>\n<ul class=\"list-disc ml-5 mt-3\">\n<li>Isolamento t\u00e9rmico: \u201cThermal reflection\u201d cont\u00e9m forro interno refletor que mant\u00e9m a zona das costas aquecida;<\/li>\n<li>Resistente \u00e0 \u00e1gua e ao vento;<\/li>\n<li>Pr\u00e1tico, leve e respir\u00e1vel;<\/li>\n<li>Vers\u00e1til para o trabalho e para o dia-a-dia;<\/li>\n<li>Fecho de correr com protetor de queixo;<\/li>\n<li>2 bolsos laterais externos com fechos;<\/li>\n<li>2 bolsos laterais internos.<\/li>\n<\/ul>\n","protected":false},"excerpt":{"rendered":"<ul>\n<li>Dispon\u00edvel do tamanho S ao XXL<\/li>\n<\/ul>\n<p>Marca: Vito<\/p>\n","protected":false},"featured_media":7955,"template":"","meta":[],"product_cat":[248],"product_tag":[],"class_list":{"0":"post-7954","1":"product","2":"type-product","3":"status-publish","4":"has-post-thumbnail","6":"product_cat-vestuario","7":"ts_product_brand-vito","9":"first","10":"instock","11":"taxable","12":"shipping-taxable","13":"product-type-simple"},"_links":{"self":[{"href":"https:\/\/montael.com\/index.php?rest_route=\/wp\/v2\/product\/7954","targetHints":{"allow":["GET"]}}],"collection":[{"href":"https:\/\/montael.com\/index.php?rest_route=\/wp\/v2\/product"}],"about":[{"href":"https:\/\/montael.com\/index.php?rest_route=\/wp\/v2\/types\/product"}],"wp:featuredmedia":[{"embeddable":true,"href":"https:\/\/montael.com\/index.php?rest_route=\/wp\/v2\/media\/7955"}],"wp:attachment":[{"href":"https:\/\/montael.com\/index.php?rest_route=%2Fwp%2Fv2%2Fmedia&parent=7954"}],"wp:term":[{"taxonomy":"product_cat","embeddable":true,"href":"https:\/\/montael.com\/index.php?rest_route=%2Fwp%2Fv2%2Fproduct_cat&post=7954"},{"taxonomy":"product_tag","embeddable":true,"href":"https:\/\/montael.com\/index.php?rest_route=%2Fwp%2Fv2%2Fproduct_tag&post=7954"}],"curies":[{"name":"wp","href":"https:\/\/api.w.org\/{rel}","templated":true}]}}