

{"id":7946,"date":"2024-05-31T13:32:21","date_gmt":"2024-05-31T13:32:21","guid":{"rendered":"https:\/\/montael.com\/new_site\/?post_type=product&#038;p=7946"},"modified":"2025-06-11T09:28:11","modified_gmt":"2025-06-11T08:28:11","slug":"bata-trabalho-bege-castanho","status":"publish","type":"product","link":"https:\/\/montael.com\/?product=bata-trabalho-bege-castanho","title":{"rendered":"Bata Trabalho Bege\/Castanho"},"content":{"rendered":"<p class=\"text-cinzento-300 mt-7 text-sm leading-descricao line-clamp-6\">Bata de Trabalho com uma classifica\u00e7\u00e3o de seguran\u00e7a EN 340, feito em Poli\u00e9ster e algod\u00e3o, para facilitar as suas atividades de forma segura e com qualidade.<\/p>\n<p><strong>Caracter\u00edsticas:<\/strong><\/p>\n<ul class=\"list-disc ml-5 mt-3\">\n<li>3 Bolsos.<\/li>\n<\/ul>\n","protected":false},"excerpt":{"rendered":"<ul>\n<li>Dispon\u00edvel do tamanho M ao XXL<\/li>\n<\/ul>\n<p>Marca: Vito<\/p>\n","protected":false},"featured_media":7947,"template":"","meta":[],"product_cat":[248],"product_tag":[],"class_list":{"0":"post-7946","1":"product","2":"type-product","3":"status-publish","4":"has-post-thumbnail","6":"product_cat-vestuario","7":"ts_product_brand-vito","9":"first","10":"instock","11":"taxable","12":"shipping-taxable","13":"product-type-simple"},"_links":{"self":[{"href":"https:\/\/montael.com\/index.php?rest_route=\/wp\/v2\/product\/7946","targetHints":{"allow":["GET"]}}],"collection":[{"href":"https:\/\/montael.com\/index.php?rest_route=\/wp\/v2\/product"}],"about":[{"href":"https:\/\/montael.com\/index.php?rest_route=\/wp\/v2\/types\/product"}],"wp:featuredmedia":[{"embeddable":true,"href":"https:\/\/montael.com\/index.php?rest_route=\/wp\/v2\/media\/7947"}],"wp:attachment":[{"href":"https:\/\/montael.com\/index.php?rest_route=%2Fwp%2Fv2%2Fmedia&parent=7946"}],"wp:term":[{"taxonomy":"product_cat","embeddable":true,"href":"https:\/\/montael.com\/index.php?rest_route=%2Fwp%2Fv2%2Fproduct_cat&post=7946"},{"taxonomy":"product_tag","embeddable":true,"href":"https:\/\/montael.com\/index.php?rest_route=%2Fwp%2Fv2%2Fproduct_tag&post=7946"}],"curies":[{"name":"wp","href":"https:\/\/api.w.org\/{rel}","templated":true}]}}