

{"id":7939,"date":"2024-05-31T13:15:05","date_gmt":"2024-05-31T13:15:05","guid":{"rendered":"https:\/\/montael.com\/new_site\/?post_type=product&#038;p=7939"},"modified":"2025-06-11T09:29:47","modified_gmt":"2025-06-11T08:29:47","slug":"jardineira-de-trabalho-comfort-plus-cinza","status":"publish","type":"product","link":"https:\/\/montael.com\/?product=jardineira-de-trabalho-comfort-plus-cinza","title":{"rendered":"Jardineira de Trabalho COMFORT PLUS Cinza"},"content":{"rendered":"<p class=\"text-cinzento-300 mt-7 text-sm leading-descricao\">Jardineira de Trabalho, com uma prote\u00e7\u00e3o Oxford e 10 bolsos, facilitando a execu\u00e7\u00e3o das suas atividades.<\/p>\n<p><strong>Caracter\u00edsticas:<\/strong><\/p>\n<ul>\n<li>Gramagem: 267 (g\/m\u00b2);<\/li>\n<li>Composi\u00e7\u00e3o: 80% poli\u00e9ster, 20% algod\u00e3o;<\/li>\n<li>Certifica\u00e7\u00e3o: OEKO-TEX STANDARD 100;<\/li>\n<li>Al\u00e7as ajust\u00e1veis com fecho de bloqueio fixo;<\/li>\n<li>Cintura ajust\u00e1vel com el\u00e1stico na traseira;<\/li>\n<li>Tripla costura de seguran\u00e7a;<\/li>\n<li>Prote\u00e7\u00e3o refor\u00e7ada nos joelhos;<\/li>\n<li>Presilha para martelo;<\/li>\n<li>Tr\u00eas bolsos com velcro;<\/li>\n<li>Cinco bolsos com pala e velcro;<\/li>\n<li>Um bolso de metro;<\/li>\n<li>Dois bolsos abertos;<\/li>\n<li>Divis\u00f3rias para canetas.<\/li>\n<\/ul>\n","protected":false},"excerpt":{"rendered":"<ul>\n<li>Dispon\u00edvel do tamanho 40 ao 50<\/li>\n<\/ul>\n<p>Marca: Vito<\/p>\n","protected":false},"featured_media":7942,"template":"","meta":[],"product_cat":[248],"product_tag":[],"class_list":{"0":"post-7939","1":"product","2":"type-product","3":"status-publish","4":"has-post-thumbnail","6":"product_cat-vestuario","7":"ts_product_brand-vito","9":"first","10":"instock","11":"taxable","12":"shipping-taxable","13":"product-type-simple"},"_links":{"self":[{"href":"https:\/\/montael.com\/index.php?rest_route=\/wp\/v2\/product\/7939","targetHints":{"allow":["GET"]}}],"collection":[{"href":"https:\/\/montael.com\/index.php?rest_route=\/wp\/v2\/product"}],"about":[{"href":"https:\/\/montael.com\/index.php?rest_route=\/wp\/v2\/types\/product"}],"wp:featuredmedia":[{"embeddable":true,"href":"https:\/\/montael.com\/index.php?rest_route=\/wp\/v2\/media\/7942"}],"wp:attachment":[{"href":"https:\/\/montael.com\/index.php?rest_route=%2Fwp%2Fv2%2Fmedia&parent=7939"}],"wp:term":[{"taxonomy":"product_cat","embeddable":true,"href":"https:\/\/montael.com\/index.php?rest_route=%2Fwp%2Fv2%2Fproduct_cat&post=7939"},{"taxonomy":"product_tag","embeddable":true,"href":"https:\/\/montael.com\/index.php?rest_route=%2Fwp%2Fv2%2Fproduct_tag&post=7939"}],"curies":[{"name":"wp","href":"https:\/\/api.w.org\/{rel}","templated":true}]}}