

{"id":7920,"date":"2024-05-31T11:39:52","date_gmt":"2024-05-31T11:39:52","guid":{"rendered":"https:\/\/montael.com\/new_site\/?post_type=product&#038;p=7920"},"modified":"2025-06-11T09:39:29","modified_gmt":"2025-06-11T08:39:29","slug":"luva-cool-tex-com-revestimento","status":"publish","type":"product","link":"https:\/\/montael.com\/?product=luva-cool-tex-com-revestimento","title":{"rendered":"Luva COOL-TEX Com Revestimento"},"content":{"rendered":"<p class=\"text-cinzento-300 mt-7 text-sm leading-descricao line-clamp-6\">Luva Cool-Tex com punho el\u00e1stico, possui um revestimento em poliuretano e tem uma forte resist\u00eancia \u00e0 abras\u00e3o, oferecem o maior conforto \u00e0s suas m\u00e3os em ambientes quentes, de modo a realizar todas as suas atividades de forma segura e profissional.<\/p>\n<p><strong>Caracter\u00edsticas:<\/strong><\/p>\n<ul>\n<li>Punho el\u00e1stico<\/li>\n<\/ul>\n","protected":false},"excerpt":{"rendered":"<ul>\n<li>Dispon\u00edvel do tamanho S ao M<\/li>\n<\/ul>\n<p>Marca: Vito<\/p>\n","protected":false},"featured_media":7922,"template":"","meta":[],"product_cat":[245],"product_tag":[],"class_list":{"0":"post-7920","1":"product","2":"type-product","3":"status-publish","4":"has-post-thumbnail","6":"product_cat-luvas","7":"ts_product_brand-vito","9":"first","10":"instock","11":"taxable","12":"shipping-taxable","13":"product-type-simple"},"_links":{"self":[{"href":"https:\/\/montael.com\/index.php?rest_route=\/wp\/v2\/product\/7920","targetHints":{"allow":["GET"]}}],"collection":[{"href":"https:\/\/montael.com\/index.php?rest_route=\/wp\/v2\/product"}],"about":[{"href":"https:\/\/montael.com\/index.php?rest_route=\/wp\/v2\/types\/product"}],"wp:featuredmedia":[{"embeddable":true,"href":"https:\/\/montael.com\/index.php?rest_route=\/wp\/v2\/media\/7922"}],"wp:attachment":[{"href":"https:\/\/montael.com\/index.php?rest_route=%2Fwp%2Fv2%2Fmedia&parent=7920"}],"wp:term":[{"taxonomy":"product_cat","embeddable":true,"href":"https:\/\/montael.com\/index.php?rest_route=%2Fwp%2Fv2%2Fproduct_cat&post=7920"},{"taxonomy":"product_tag","embeddable":true,"href":"https:\/\/montael.com\/index.php?rest_route=%2Fwp%2Fv2%2Fproduct_tag&post=7920"}],"curies":[{"name":"wp","href":"https:\/\/api.w.org\/{rel}","templated":true}]}}