

{"id":7914,"date":"2024-05-31T11:31:21","date_gmt":"2024-05-31T11:31:21","guid":{"rendered":"https:\/\/montael.com\/new_site\/?post_type=product&#038;p=7914"},"modified":"2025-06-11T09:40:59","modified_gmt":"2025-06-11T08:40:59","slug":"bolsa-de-nylon-simples-para-ferramentas","status":"publish","type":"product","link":"https:\/\/montael.com\/?product=bolsa-de-nylon-simples-para-ferramentas","title":{"rendered":"Bolsa de Nylon Simples para Ferramentas"},"content":{"rendered":"<p class=\"text-cinzento-300 mt-7 text-sm leading-descricao line-clamp-6\">Bolsa Simples em Nylon para Ferramentas, tem um cinto com fecho r\u00e1pido, cont\u00e9m 5 bolsos e 1 gancho para martelo, possui ainda costuras refor\u00e7adas.<\/p>\n<p><strong>Caracter\u00edsticas:<\/strong><\/p>\n<ul class=\"list-disc ml-5 mt-3\">\n<li>Bolsa simples em nylon para ferramentas, com 5 bolsos e 1 gancho para martelo.<\/li>\n<li>Cinto com fecho r\u00e1pido.<\/li>\n<li>Costuras refor\u00e7adas.<\/li>\n<\/ul>\n","protected":false},"excerpt":{"rendered":"<p>Marca: Vito<\/p>\n","protected":false},"featured_media":7917,"template":"","meta":[],"product_cat":[244],"product_tag":[],"class_list":{"0":"post-7914","1":"product","2":"type-product","3":"status-publish","4":"has-post-thumbnail","6":"product_cat-arrumacao","7":"ts_product_brand-vito","9":"first","10":"instock","11":"taxable","12":"shipping-taxable","13":"product-type-simple"},"_links":{"self":[{"href":"https:\/\/montael.com\/index.php?rest_route=\/wp\/v2\/product\/7914","targetHints":{"allow":["GET"]}}],"collection":[{"href":"https:\/\/montael.com\/index.php?rest_route=\/wp\/v2\/product"}],"about":[{"href":"https:\/\/montael.com\/index.php?rest_route=\/wp\/v2\/types\/product"}],"wp:featuredmedia":[{"embeddable":true,"href":"https:\/\/montael.com\/index.php?rest_route=\/wp\/v2\/media\/7917"}],"wp:attachment":[{"href":"https:\/\/montael.com\/index.php?rest_route=%2Fwp%2Fv2%2Fmedia&parent=7914"}],"wp:term":[{"taxonomy":"product_cat","embeddable":true,"href":"https:\/\/montael.com\/index.php?rest_route=%2Fwp%2Fv2%2Fproduct_cat&post=7914"},{"taxonomy":"product_tag","embeddable":true,"href":"https:\/\/montael.com\/index.php?rest_route=%2Fwp%2Fv2%2Fproduct_tag&post=7914"}],"curies":[{"name":"wp","href":"https:\/\/api.w.org\/{rel}","templated":true}]}}