

{"id":7902,"date":"2024-05-31T11:15:17","date_gmt":"2024-05-31T11:15:17","guid":{"rendered":"https:\/\/montael.com\/new_site\/?post_type=product&#038;p=7902"},"modified":"2025-06-11T09:44:14","modified_gmt":"2025-06-11T08:44:14","slug":"par-de-meias-pretas-everyday-cool","status":"publish","type":"product","link":"https:\/\/montael.com\/?product=par-de-meias-pretas-everyday-cool","title":{"rendered":"Par de Meias Pretas EVERYDAY COOL"},"content":{"rendered":"<p class=\"text-cinzento-300 mt-7 text-sm leading-descricao line-clamp-6\">As Meias Everyday Cool VITO s\u00e3o compostas por um tecido macio e resistente de elevada qualidade, indicadas para uma utiliza\u00e7\u00e3o confort\u00e1vel no dia a dia.<\/p>\n","protected":false},"excerpt":{"rendered":"<ul>\n<li>Dispon\u00edvel do tamanho 35 ao 47<\/li>\n<\/ul>\n<p>Marca: Vito<\/p>\n","protected":false},"featured_media":7903,"template":"","meta":[],"product_cat":[233,234],"product_tag":[],"class_list":{"0":"post-7902","1":"product","2":"type-product","3":"status-publish","4":"has-post-thumbnail","6":"product_cat-seguranca","7":"product_cat-calcado","8":"ts_product_brand-vito","10":"first","11":"instock","12":"taxable","13":"shipping-taxable","14":"product-type-simple"},"_links":{"self":[{"href":"https:\/\/montael.com\/index.php?rest_route=\/wp\/v2\/product\/7902","targetHints":{"allow":["GET"]}}],"collection":[{"href":"https:\/\/montael.com\/index.php?rest_route=\/wp\/v2\/product"}],"about":[{"href":"https:\/\/montael.com\/index.php?rest_route=\/wp\/v2\/types\/product"}],"wp:featuredmedia":[{"embeddable":true,"href":"https:\/\/montael.com\/index.php?rest_route=\/wp\/v2\/media\/7903"}],"wp:attachment":[{"href":"https:\/\/montael.com\/index.php?rest_route=%2Fwp%2Fv2%2Fmedia&parent=7902"}],"wp:term":[{"taxonomy":"product_cat","embeddable":true,"href":"https:\/\/montael.com\/index.php?rest_route=%2Fwp%2Fv2%2Fproduct_cat&post=7902"},{"taxonomy":"product_tag","embeddable":true,"href":"https:\/\/montael.com\/index.php?rest_route=%2Fwp%2Fv2%2Fproduct_tag&post=7902"}],"curies":[{"name":"wp","href":"https:\/\/api.w.org\/{rel}","templated":true}]}}