

{"id":7897,"date":"2024-05-31T11:07:52","date_gmt":"2024-05-31T11:07:52","guid":{"rendered":"https:\/\/montael.com\/new_site\/?post_type=product&#038;p=7897"},"modified":"2025-06-11T09:46:56","modified_gmt":"2025-06-11T08:46:56","slug":"oculos-de-protecao","status":"publish","type":"product","link":"https:\/\/montael.com\/?product=oculos-de-protecao","title":{"rendered":"\u00d3culos de Prote\u00e7\u00e3o"},"content":{"rendered":"<p class=\"text-cinzento-300 mt-7 text-sm leading-descricao line-clamp-6\">\u00d3culos de Prote\u00e7\u00e3o com Lentes em Polipropileno e Arma\u00e7\u00e3o em Nylon, para realizar os seus afazeres da forma mais segura.<\/p>\n<p><strong>Caracter\u00edsticas:<\/strong><\/p>\n<ul>\n<li>Com vis\u00e3o ampla e lentes em policarbonato para prote\u00e7\u00e3o contra impactos e UV.<\/li>\n<li>Inclui prote\u00e7\u00f5es laterais e suporte nasal leve e anat\u00f3mico.<\/li>\n<\/ul>\n","protected":false},"excerpt":{"rendered":"<p>Marca: Vito<\/p>\n","protected":false},"featured_media":7898,"template":"","meta":[],"product_cat":[233,338],"product_tag":[],"class_list":{"0":"post-7897","1":"product","2":"type-product","3":"status-publish","4":"has-post-thumbnail","6":"product_cat-seguranca","7":"product_cat-protecao-ocular","8":"ts_product_brand-vito","10":"first","11":"instock","12":"taxable","13":"shipping-taxable","14":"product-type-simple"},"_links":{"self":[{"href":"https:\/\/montael.com\/index.php?rest_route=\/wp\/v2\/product\/7897","targetHints":{"allow":["GET"]}}],"collection":[{"href":"https:\/\/montael.com\/index.php?rest_route=\/wp\/v2\/product"}],"about":[{"href":"https:\/\/montael.com\/index.php?rest_route=\/wp\/v2\/types\/product"}],"wp:featuredmedia":[{"embeddable":true,"href":"https:\/\/montael.com\/index.php?rest_route=\/wp\/v2\/media\/7898"}],"wp:attachment":[{"href":"https:\/\/montael.com\/index.php?rest_route=%2Fwp%2Fv2%2Fmedia&parent=7897"}],"wp:term":[{"taxonomy":"product_cat","embeddable":true,"href":"https:\/\/montael.com\/index.php?rest_route=%2Fwp%2Fv2%2Fproduct_cat&post=7897"},{"taxonomy":"product_tag","embeddable":true,"href":"https:\/\/montael.com\/index.php?rest_route=%2Fwp%2Fv2%2Fproduct_tag&post=7897"}],"curies":[{"name":"wp","href":"https:\/\/api.w.org\/{rel}","templated":true}]}}