

{"id":7888,"date":"2024-05-31T10:58:48","date_gmt":"2024-05-31T10:58:48","guid":{"rendered":"https:\/\/montael.com\/new_site\/?post_type=product&#038;p=7888"},"modified":"2025-06-06T15:42:49","modified_gmt":"2025-06-06T14:42:49","slug":"drywall-37-painel-la-mineral-vidro-kd10993","status":"publish","type":"product","link":"https:\/\/montael.com\/?product=drywall-37-painel-la-mineral-vidro-kd10993","title":{"rendered":"Drywall 37 | Painel l\u00e3 mineral vidro KD10993"},"content":{"rendered":"<p>Pelo excelente desempenho ac\u00fastico e adaptabilidade, o produto Drywall 37 da ISOVER, \u00e9 uma \u00f3tima op\u00e7\u00e3o para:<\/p>\n<ul>\n<li>Divis\u00f3rias interiores verticais, especialmente em tardozes de placa de gesso laminado.<\/li>\n<\/ul>\n<p><strong>Vantagens:<\/strong><\/p>\n<ul>\n<li>Isolamento t\u00e9rmico e ac\u00fastico de divis\u00f3rias interiores horizontais e verticais.<\/li>\n<li>Apropriado para constru\u00e7\u00f5es novas e reabilita\u00e7\u00e3o.<\/li>\n<li>Adaptabilidade da l\u00e3 de vidro a juntas de janelas, pilares, etc, sem deteriorar a qualidade e a durabilidade do produto.<\/li>\n<li>Produto sustent\u00e1vel, com composi\u00e7\u00e3o em material reciclado superior a 50%. Material 100% recicl\u00e1vel.<\/li>\n<li>Material inerte que n\u00e3o \u00e9 um meio prop\u00edcio ao desenvolvimento de micro organismos.<\/li>\n<li>Mant\u00e9m o desempenho do sistema inalterado durante toda a vida \u00fatil do edif\u00edcio, n\u00e3o se degradando com o tempo.<\/li>\n<\/ul>\n","protected":false},"excerpt":{"rendered":"<p>Painel de l\u00e3 mineral de vidro para sistemas drywall<\/p>\n<ul>\n<li><strong>Embalagem (Painel)= 19.44m2\u00a0<\/strong><\/li>\n<li>Espessura: 60mm<\/li>\n<li>Comprimento: 1.35m<\/li>\n<li>Largura: 0.60m<\/li>\n<\/ul>\n<p>Marca: Isover<\/p>\n","protected":false},"featured_media":8770,"template":"","meta":[],"product_cat":[146,238,298],"product_tag":[],"class_list":{"0":"post-7888","1":"product","2":"type-product","3":"status-publish","4":"has-post-thumbnail","6":"product_cat-construcao","7":"product_cat-isolamento","8":"product_cat-isolamento-la-mineral","9":"ts_product_brand-isover","11":"first","12":"instock","13":"taxable","14":"shipping-taxable","15":"product-type-simple"},"_links":{"self":[{"href":"https:\/\/montael.com\/index.php?rest_route=\/wp\/v2\/product\/7888","targetHints":{"allow":["GET"]}}],"collection":[{"href":"https:\/\/montael.com\/index.php?rest_route=\/wp\/v2\/product"}],"about":[{"href":"https:\/\/montael.com\/index.php?rest_route=\/wp\/v2\/types\/product"}],"wp:featuredmedia":[{"embeddable":true,"href":"https:\/\/montael.com\/index.php?rest_route=\/wp\/v2\/media\/8770"}],"wp:attachment":[{"href":"https:\/\/montael.com\/index.php?rest_route=%2Fwp%2Fv2%2Fmedia&parent=7888"}],"wp:term":[{"taxonomy":"product_cat","embeddable":true,"href":"https:\/\/montael.com\/index.php?rest_route=%2Fwp%2Fv2%2Fproduct_cat&post=7888"},{"taxonomy":"product_tag","embeddable":true,"href":"https:\/\/montael.com\/index.php?rest_route=%2Fwp%2Fv2%2Fproduct_tag&post=7888"}],"curies":[{"name":"wp","href":"https:\/\/api.w.org\/{rel}","templated":true}]}}