

{"id":7886,"date":"2024-05-31T10:55:42","date_gmt":"2024-05-31T10:55:42","guid":{"rendered":"https:\/\/montael.com\/new_site\/?post_type=product&#038;p=7886"},"modified":"2025-06-11T09:48:05","modified_gmt":"2025-06-11T08:48:05","slug":"palmilhas-inwalk-tam-35-37","status":"publish","type":"product","link":"https:\/\/montael.com\/?product=palmilhas-inwalk-tam-35-37","title":{"rendered":"Palmilhas INWALK TAM. 35-37"},"content":{"rendered":"<p class=\"text-cinzento-300 mt-7 text-sm leading-descricao\">Palmilha INWALK \u00e9 um apoio essencial, para o conforto em qualquer cal\u00e7ado.<br \/>\nConcebida em poliuretano de alta densidade e com refor\u00e7o antichoque no calcanhar, ajuda a diminuir o efeito de fadiga e a prevenir v\u00e1rios tipos de patologias. Indicada para todos os tipos de cal\u00e7ado de seguran\u00e7a, esta palmilha anti est\u00e1tica \u00e9 adapt\u00e1vel a todos os tamanhos, desde o 35-47, podendo ser recortada e ajustada a cada tamanho espec\u00edfico.<\/p>\n<p><strong>Caracter\u00edsticas:<\/strong><\/p>\n<ul>\n<li>Anti bacteriano;<\/li>\n<li>Conforto massajador;<\/li>\n<li>Poliuretano de alta densidade;<\/li>\n<li>Refor\u00e7o antichoque;<\/li>\n<li>Alta densidade para conforto.<\/li>\n<\/ul>\n","protected":false},"excerpt":{"rendered":"<ul>\n<li>Dispon\u00edvel do tamanho 35 ao 47<\/li>\n<\/ul>\n<p>Marca: Vito<\/p>\n","protected":false},"featured_media":7890,"template":"","meta":[],"product_cat":[233,234],"product_tag":[],"class_list":{"0":"post-7886","1":"product","2":"type-product","3":"status-publish","4":"has-post-thumbnail","6":"product_cat-seguranca","7":"product_cat-calcado","8":"ts_product_brand-vito","10":"first","11":"instock","12":"taxable","13":"shipping-taxable","14":"product-type-simple"},"_links":{"self":[{"href":"https:\/\/montael.com\/index.php?rest_route=\/wp\/v2\/product\/7886","targetHints":{"allow":["GET"]}}],"collection":[{"href":"https:\/\/montael.com\/index.php?rest_route=\/wp\/v2\/product"}],"about":[{"href":"https:\/\/montael.com\/index.php?rest_route=\/wp\/v2\/types\/product"}],"wp:featuredmedia":[{"embeddable":true,"href":"https:\/\/montael.com\/index.php?rest_route=\/wp\/v2\/media\/7890"}],"wp:attachment":[{"href":"https:\/\/montael.com\/index.php?rest_route=%2Fwp%2Fv2%2Fmedia&parent=7886"}],"wp:term":[{"taxonomy":"product_cat","embeddable":true,"href":"https:\/\/montael.com\/index.php?rest_route=%2Fwp%2Fv2%2Fproduct_cat&post=7886"},{"taxonomy":"product_tag","embeddable":true,"href":"https:\/\/montael.com\/index.php?rest_route=%2Fwp%2Fv2%2Fproduct_tag&post=7886"}],"curies":[{"name":"wp","href":"https:\/\/api.w.org\/{rel}","templated":true}]}}