

{"id":7876,"date":"2024-05-31T10:49:24","date_gmt":"2024-05-31T10:49:24","guid":{"rendered":"https:\/\/montael.com\/new_site\/?post_type=product&#038;p=7876"},"modified":"2025-06-11T09:48:30","modified_gmt":"2025-06-11T08:48:30","slug":"bota-de-seguranca-em-pele-comfort-plus-s3l-fo-sr","status":"publish","type":"product","link":"https:\/\/montael.com\/?product=bota-de-seguranca-em-pele-comfort-plus-s3l-fo-sr","title":{"rendered":"Bota de Seguran\u00e7a em Pele COMFORT PLUS S3L FO SR"},"content":{"rendered":"<p class=\"text-cinzento-300 mt-7 text-sm leading-descricao\">Bota de Trabalho em Pele, com uma classifica\u00e7\u00e3o de seguran\u00e7a S3 &#8211; Classe I, tem uma sola interm\u00e9dia em fibra sint\u00e9tica de aramida e a sola em PU de dupla densidade, para realizar todas as suas atividades confortavelmente e em seguran\u00e7a.<\/p>\n<p><strong>Caracter\u00edsticas:<\/strong><\/p>\n<ul>\n<li>Revestimento: Pele;<\/li>\n<li>Biqueira: Comp\u00f3sito;<\/li>\n<li>Sola interm\u00e9dia: Fibra sint\u00e9tica de aramida;<\/li>\n<li>Sola: Poliuretano;<\/li>\n<li>Certifica\u00e7\u00e3o: EN ISO 20345: 2011;<\/li>\n<\/ul>\n","protected":false},"excerpt":{"rendered":"<ul>\n<li>Dispon\u00edvel do tamanho 37 ao 46<\/li>\n<\/ul>\n<p>Marca: Vito<\/p>\n","protected":false},"featured_media":7882,"template":"","meta":[],"product_cat":[233,234],"product_tag":[],"class_list":{"0":"post-7876","1":"product","2":"type-product","3":"status-publish","4":"has-post-thumbnail","6":"product_cat-seguranca","7":"product_cat-calcado","8":"ts_product_brand-vito","10":"first","11":"instock","12":"taxable","13":"shipping-taxable","14":"product-type-simple"},"_links":{"self":[{"href":"https:\/\/montael.com\/index.php?rest_route=\/wp\/v2\/product\/7876","targetHints":{"allow":["GET"]}}],"collection":[{"href":"https:\/\/montael.com\/index.php?rest_route=\/wp\/v2\/product"}],"about":[{"href":"https:\/\/montael.com\/index.php?rest_route=\/wp\/v2\/types\/product"}],"wp:featuredmedia":[{"embeddable":true,"href":"https:\/\/montael.com\/index.php?rest_route=\/wp\/v2\/media\/7882"}],"wp:attachment":[{"href":"https:\/\/montael.com\/index.php?rest_route=%2Fwp%2Fv2%2Fmedia&parent=7876"}],"wp:term":[{"taxonomy":"product_cat","embeddable":true,"href":"https:\/\/montael.com\/index.php?rest_route=%2Fwp%2Fv2%2Fproduct_cat&post=7876"},{"taxonomy":"product_tag","embeddable":true,"href":"https:\/\/montael.com\/index.php?rest_route=%2Fwp%2Fv2%2Fproduct_tag&post=7876"}],"curies":[{"name":"wp","href":"https:\/\/api.w.org\/{rel}","templated":true}]}}