

{"id":7869,"date":"2024-05-31T10:45:32","date_gmt":"2024-05-31T10:45:32","guid":{"rendered":"https:\/\/montael.com\/new_site\/?post_type=product&#038;p=7869"},"modified":"2025-06-11T09:49:10","modified_gmt":"2025-06-11T08:49:10","slug":"bota-de-seguranca-em-pele-classic-s3","status":"publish","type":"product","link":"https:\/\/montael.com\/?product=bota-de-seguranca-em-pele-classic-s3","title":{"rendered":"Bota de Seguran\u00e7a em Pele CLASSIC S3"},"content":{"rendered":"<p class=\"text-cinzento-300 mt-7 text-sm leading-descricao\">Bota de Trabalho em Pele, com uma classifica\u00e7\u00e3o de seguran\u00e7a S3 &#8211; Classe I, tem uma sola interm\u00e9dia em a\u00e7o e a sola em PU de dupla densidade, para o ajudar nas atividades mais duras.<\/p>\n<p><strong>Caracter\u00edsticas:<\/strong><\/p>\n<ul>\n<li>Aliando conforto e comodidade a uma qualidade de excel\u00eancia, esta bota cumpre a norma EN ISSO 20345, reunindo todas as caracter\u00edsticas fundamentais a um trabalho seguro.<\/li>\n<li>Sola anti est\u00e1tica e com capacidade de absor\u00e7\u00e3o de energia no calcanhar.<\/li>\n<li>Sola anti perfura\u00e7\u00e3o e anti deslizamento, com biqueira de prote\u00e7\u00e3o em material comp\u00f3sito.<\/li>\n<li>O seu revestimento exterior \u00e9 em pele, com sola interm\u00e9dia e biqueira em a\u00e7o e sola em PU de dupla densidade.<\/li>\n<li>O seu design intempor\u00e1l faz com que se adapte a qualquer utilizador, satisfazendo as mais diversas necessidades.<\/li>\n<\/ul>\n","protected":false},"excerpt":{"rendered":"<ul>\n<li>Dispon\u00edvel do tamanho 36 ao 47<\/li>\n<\/ul>\n<p>Marca: Vito<\/p>\n","protected":false},"featured_media":7871,"template":"","meta":[],"product_cat":[233,234],"product_tag":[],"class_list":{"0":"post-7869","1":"product","2":"type-product","3":"status-publish","4":"has-post-thumbnail","6":"product_cat-seguranca","7":"product_cat-calcado","8":"ts_product_brand-vito","10":"first","11":"instock","12":"taxable","13":"shipping-taxable","14":"product-type-simple"},"_links":{"self":[{"href":"https:\/\/montael.com\/index.php?rest_route=\/wp\/v2\/product\/7869","targetHints":{"allow":["GET"]}}],"collection":[{"href":"https:\/\/montael.com\/index.php?rest_route=\/wp\/v2\/product"}],"about":[{"href":"https:\/\/montael.com\/index.php?rest_route=\/wp\/v2\/types\/product"}],"wp:featuredmedia":[{"embeddable":true,"href":"https:\/\/montael.com\/index.php?rest_route=\/wp\/v2\/media\/7871"}],"wp:attachment":[{"href":"https:\/\/montael.com\/index.php?rest_route=%2Fwp%2Fv2%2Fmedia&parent=7869"}],"wp:term":[{"taxonomy":"product_cat","embeddable":true,"href":"https:\/\/montael.com\/index.php?rest_route=%2Fwp%2Fv2%2Fproduct_cat&post=7869"},{"taxonomy":"product_tag","embeddable":true,"href":"https:\/\/montael.com\/index.php?rest_route=%2Fwp%2Fv2%2Fproduct_tag&post=7869"}],"curies":[{"name":"wp","href":"https:\/\/api.w.org\/{rel}","templated":true}]}}