

{"id":7862,"date":"2024-05-31T10:38:38","date_gmt":"2024-05-31T10:38:38","guid":{"rendered":"https:\/\/montael.com\/new_site\/?post_type=product&#038;p=7862"},"modified":"2025-06-11T09:49:39","modified_gmt":"2025-06-11T08:49:39","slug":"sapato-de-seguranca-lithos","status":"publish","type":"product","link":"https:\/\/montael.com\/?product=sapato-de-seguranca-lithos","title":{"rendered":"Sapato de Seguran\u00e7a  LITHOS"},"content":{"rendered":"<p class=\"text-cinzento-300 mt-7 text-sm leading-descricao\">O Cal\u00e7ado Lithos da VITO alia o design \u00e0 prote\u00e7\u00e3o, garantindo uma maior produtividade no dia-a-dia de todos os profissionais.<\/p>\n<p><strong>Caracter\u00edsticas:<\/strong><\/p>\n<ul>\n<li>Resist\u00eancia \u00e0 penetra\u00e7\u00e3o e absor\u00e7\u00e3o de \u00e1gua;<\/li>\n<li>Sola anti-est\u00e1tica;<\/li>\n<li>Capacidade de absor\u00e7\u00e3o de energia no calcanhar;<\/li>\n<li>Sola anti perfura\u00e7\u00e3o;<\/li>\n<li>Anti deslizamento SRC;<\/li>\n<li>Biqueira de prote\u00e7\u00e3o em material comp\u00f3sito.<\/li>\n<\/ul>\n","protected":false},"excerpt":{"rendered":"<ul>\n<li>Dispon\u00edvel do tamanho 37 ao 46<\/li>\n<\/ul>\n<p>Marca: Vito<\/p>\n","protected":false},"featured_media":7863,"template":"","meta":[],"product_cat":[233,234],"product_tag":[],"class_list":{"0":"post-7862","1":"product","2":"type-product","3":"status-publish","4":"has-post-thumbnail","6":"product_cat-seguranca","7":"product_cat-calcado","8":"ts_product_brand-vito","10":"first","11":"instock","12":"taxable","13":"shipping-taxable","14":"product-type-simple"},"_links":{"self":[{"href":"https:\/\/montael.com\/index.php?rest_route=\/wp\/v2\/product\/7862","targetHints":{"allow":["GET"]}}],"collection":[{"href":"https:\/\/montael.com\/index.php?rest_route=\/wp\/v2\/product"}],"about":[{"href":"https:\/\/montael.com\/index.php?rest_route=\/wp\/v2\/types\/product"}],"wp:featuredmedia":[{"embeddable":true,"href":"https:\/\/montael.com\/index.php?rest_route=\/wp\/v2\/media\/7863"}],"wp:attachment":[{"href":"https:\/\/montael.com\/index.php?rest_route=%2Fwp%2Fv2%2Fmedia&parent=7862"}],"wp:term":[{"taxonomy":"product_cat","embeddable":true,"href":"https:\/\/montael.com\/index.php?rest_route=%2Fwp%2Fv2%2Fproduct_cat&post=7862"},{"taxonomy":"product_tag","embeddable":true,"href":"https:\/\/montael.com\/index.php?rest_route=%2Fwp%2Fv2%2Fproduct_tag&post=7862"}],"curies":[{"name":"wp","href":"https:\/\/api.w.org\/{rel}","templated":true}]}}