

{"id":7855,"date":"2024-05-31T10:34:07","date_gmt":"2024-05-31T10:34:07","guid":{"rendered":"https:\/\/montael.com\/new_site\/?post_type=product&#038;p=7855"},"modified":"2025-06-11T09:50:15","modified_gmt":"2025-06-11T08:50:15","slug":"sapato-de-seguranca-thor-s1p","status":"publish","type":"product","link":"https:\/\/montael.com\/?product=sapato-de-seguranca-thor-s1p","title":{"rendered":"Sapato de Seguran\u00e7a THOR S1P"},"content":{"rendered":"<p class=\"text-cinzento-300 mt-7 text-sm leading-descricao\">Sapato de Trabalho THOR com um revestimento exterior em tecido, tem uma sola anti est\u00e1tica e uma capacidade de absor\u00e7\u00e3o de energia no calcanhar, sola interm\u00e9dia em fibra sint\u00e9tica de aramida (anti perfura\u00e7\u00e3o), sola em EVA + Borracha, biqueira de prote\u00e7\u00e3o em material comp\u00f3sito, anti deslizamento piso cer\u00e2mico com SLS (SRA), com uma classifica\u00e7\u00e3o de seguran\u00e7a S1P &#8211; Classe I.<\/p>\n<p><strong>Caracter\u00edsticas:<\/strong><\/p>\n<ul class=\"list-disc ml-5 mt-3\">\n<li>Este cal\u00e7ado alia a prote\u00e7\u00e3o \u00e0 qualidade, o conforto ao design, a comodidade \u00e0 modernidade.<\/li>\n<li>Reunindo todas as caracter\u00edsticas essenciais \u00e0 seguran\u00e7a do utilizador, este cal\u00e7ado possui sola anti est\u00e1tica, anti deslizamento e anti perfura\u00e7\u00e3o.<\/li>\n<li>Possui, ainda, capacidade de absor\u00e7\u00e3o de energia no calcanhar e biqueira de prote\u00e7\u00e3o em material comp\u00f3sito.<\/li>\n<li>Com revestimento em tecido e biqueira em comp\u00f3sito, este modelo est\u00e1 dispon\u00edvel<\/li>\n<\/ul>\n","protected":false},"excerpt":{"rendered":"<ul>\n<li>Dispon\u00edvel do tamanho 37 ao 46<\/li>\n<\/ul>\n<p>Marca: Vito<\/p>\n","protected":false},"featured_media":7857,"template":"","meta":[],"product_cat":[233,234],"product_tag":[],"class_list":{"0":"post-7855","1":"product","2":"type-product","3":"status-publish","4":"has-post-thumbnail","6":"product_cat-seguranca","7":"product_cat-calcado","8":"ts_product_brand-vito","10":"first","11":"instock","12":"taxable","13":"shipping-taxable","14":"product-type-simple"},"_links":{"self":[{"href":"https:\/\/montael.com\/index.php?rest_route=\/wp\/v2\/product\/7855","targetHints":{"allow":["GET"]}}],"collection":[{"href":"https:\/\/montael.com\/index.php?rest_route=\/wp\/v2\/product"}],"about":[{"href":"https:\/\/montael.com\/index.php?rest_route=\/wp\/v2\/types\/product"}],"wp:featuredmedia":[{"embeddable":true,"href":"https:\/\/montael.com\/index.php?rest_route=\/wp\/v2\/media\/7857"}],"wp:attachment":[{"href":"https:\/\/montael.com\/index.php?rest_route=%2Fwp%2Fv2%2Fmedia&parent=7855"}],"wp:term":[{"taxonomy":"product_cat","embeddable":true,"href":"https:\/\/montael.com\/index.php?rest_route=%2Fwp%2Fv2%2Fproduct_cat&post=7855"},{"taxonomy":"product_tag","embeddable":true,"href":"https:\/\/montael.com\/index.php?rest_route=%2Fwp%2Fv2%2Fproduct_tag&post=7855"}],"curies":[{"name":"wp","href":"https:\/\/api.w.org\/{rel}","templated":true}]}}