

{"id":7849,"date":"2024-05-31T10:30:11","date_gmt":"2024-05-31T10:30:11","guid":{"rendered":"https:\/\/montael.com\/new_site\/?post_type=product&#038;p=7849"},"modified":"2025-06-11T09:50:38","modified_gmt":"2025-06-11T08:50:38","slug":"sapato-de-seguranca-mut-s1p","status":"publish","type":"product","link":"https:\/\/montael.com\/?product=sapato-de-seguranca-mut-s1p","title":{"rendered":"Sapato de Seguran\u00e7a MUT S1P"},"content":{"rendered":"<p class=\"text-cinzento-300 mt-7 text-sm leading-descricao\"><strong>O CAL\u00c7ADO MUT re\u00fane todas as condi\u00e7\u00f5es de seguran\u00e7a para um trabalho de maior conforto e prote\u00e7\u00e3o<\/strong><\/p>\n<ul class=\"list-disc ml-5 mt-3\">\n<li>Sola anti &#8211; est\u00e1tica;<\/li>\n<li>Capacidade de absor\u00e7\u00e3o de energia no calcanhar;<\/li>\n<li>Sola anti-perfura\u00e7\u00e3o (fibra sint\u00e9tica de aramida);<\/li>\n<li>Anti-deslizamento SRA;<\/li>\n<li>Biqueira de prote\u00e7\u00e3o em material comp\u00f3sito;<\/li>\n<\/ul>\n","protected":false},"excerpt":{"rendered":"<ul>\n<li>Dispon\u00edvel do tamanho 35 ao 42<\/li>\n<\/ul>\n<p>Marca: Vito<\/p>\n","protected":false},"featured_media":7850,"template":"","meta":[],"product_cat":[233,234],"product_tag":[],"class_list":{"0":"post-7849","1":"product","2":"type-product","3":"status-publish","4":"has-post-thumbnail","6":"product_cat-seguranca","7":"product_cat-calcado","8":"ts_product_brand-vito","10":"first","11":"instock","12":"taxable","13":"shipping-taxable","14":"product-type-simple"},"_links":{"self":[{"href":"https:\/\/montael.com\/index.php?rest_route=\/wp\/v2\/product\/7849","targetHints":{"allow":["GET"]}}],"collection":[{"href":"https:\/\/montael.com\/index.php?rest_route=\/wp\/v2\/product"}],"about":[{"href":"https:\/\/montael.com\/index.php?rest_route=\/wp\/v2\/types\/product"}],"wp:featuredmedia":[{"embeddable":true,"href":"https:\/\/montael.com\/index.php?rest_route=\/wp\/v2\/media\/7850"}],"wp:attachment":[{"href":"https:\/\/montael.com\/index.php?rest_route=%2Fwp%2Fv2%2Fmedia&parent=7849"}],"wp:term":[{"taxonomy":"product_cat","embeddable":true,"href":"https:\/\/montael.com\/index.php?rest_route=%2Fwp%2Fv2%2Fproduct_cat&post=7849"},{"taxonomy":"product_tag","embeddable":true,"href":"https:\/\/montael.com\/index.php?rest_route=%2Fwp%2Fv2%2Fproduct_tag&post=7849"}],"curies":[{"name":"wp","href":"https:\/\/api.w.org\/{rel}","templated":true}]}}