

{"id":7842,"date":"2024-05-31T10:25:55","date_gmt":"2024-05-31T10:25:55","guid":{"rendered":"https:\/\/montael.com\/new_site\/?post_type=product&#038;p=7842"},"modified":"2025-06-06T15:51:44","modified_gmt":"2025-06-06T14:51:44","slug":"arena-apta-painel-de-la-mineral","status":"publish","type":"product","link":"https:\/\/montael.com\/?product=arena-apta-painel-de-la-mineral","title":{"rendered":"Arena Apta 40 | Painel de l\u00e3 mineral KD10473"},"content":{"rendered":"<p>Pelo excelente desempenho t\u00e9rmico e ac\u00fastico, a gama Arena da ISOVER, \u00e9 a melhor op\u00e7\u00e3o para:<\/p>\n<ul>\n<li>Divis\u00f3rias interiores verticais, especialmente de constru\u00e7\u00e3o seca com estrutura met\u00e1lica e placas de gesso laminado.<\/li>\n<li>Excelente isolamento t\u00e9rmico e ac\u00fastico de divis\u00f3rias interiores horizontais e verticais.<\/li>\n<li>Isolamento de elementos de separa\u00e7\u00e3o horizontais sem cargas.<\/li>\n<li>Constru\u00e7\u00e3o nova ou reabilita\u00e7\u00e3o.<\/li>\n<\/ul>\n<p><strong>Vantagens:<\/strong><\/p>\n<ul>\n<li>\u00d3timo isolamento t\u00e9rmico e ac\u00fastico de divis\u00f3rias interiores horizontais e verticais.<\/li>\n<li>Apropriado para novas constru\u00e7\u00f5es e reabilita\u00e7\u00e3o. Especialmente desenvolvido para aplicar em solu\u00e7\u00f5es de placa de gesso laminado com perfilaria.<\/li>\n<li>A tecnologia arena da Isover permite que o produto tenha um toque agrad\u00e1vel ao aplicar.<\/li>\n<li>Distintas modula\u00e7\u00f5es de largura 400 mm e 600 mm.<\/li>\n<li>Produto sustent\u00e1vel, com composi\u00e7\u00e3o em material reciclado superior a 50%. Material 100% recicl\u00e1vel.<\/li>\n<li>Material inerte que n\u00e3o \u00e9 um meio prop\u00edcio ao desenvolvimento de micro organismos.<\/li>\n<li>Mant\u00e9m o desempenho do sistema inalterado durante toda a vida \u00fatil do edif\u00edcio, n\u00e3o se degradando com o tempo.<\/li>\n<\/ul>\n","protected":false},"excerpt":{"rendered":"<p>Painel de l\u00e3 mineral Arena de elevado desempenho para isolamento t\u00e9rmico e ac\u00fastico em paredes, divis\u00f3rias e tetos cont\u00ednuos<\/p>\n<ul>\n<li>Espessura: 48mm<\/li>\n<li>Comprimento: 1.35m<\/li>\n<li>Largura: 0.40m<\/li>\n<\/ul>\n<p>Marca: Isover<\/p>\n","protected":false},"featured_media":8768,"template":"","meta":[],"product_cat":[146,238,298],"product_tag":[],"class_list":{"0":"post-7842","1":"product","2":"type-product","3":"status-publish","4":"has-post-thumbnail","6":"product_cat-construcao","7":"product_cat-isolamento","8":"product_cat-isolamento-la-mineral","9":"ts_product_brand-isover","11":"first","12":"instock","13":"taxable","14":"shipping-taxable","15":"product-type-simple"},"_links":{"self":[{"href":"https:\/\/montael.com\/index.php?rest_route=\/wp\/v2\/product\/7842","targetHints":{"allow":["GET"]}}],"collection":[{"href":"https:\/\/montael.com\/index.php?rest_route=\/wp\/v2\/product"}],"about":[{"href":"https:\/\/montael.com\/index.php?rest_route=\/wp\/v2\/types\/product"}],"wp:featuredmedia":[{"embeddable":true,"href":"https:\/\/montael.com\/index.php?rest_route=\/wp\/v2\/media\/8768"}],"wp:attachment":[{"href":"https:\/\/montael.com\/index.php?rest_route=%2Fwp%2Fv2%2Fmedia&parent=7842"}],"wp:term":[{"taxonomy":"product_cat","embeddable":true,"href":"https:\/\/montael.com\/index.php?rest_route=%2Fwp%2Fv2%2Fproduct_cat&post=7842"},{"taxonomy":"product_tag","embeddable":true,"href":"https:\/\/montael.com\/index.php?rest_route=%2Fwp%2Fv2%2Fproduct_tag&post=7842"}],"curies":[{"name":"wp","href":"https:\/\/api.w.org\/{rel}","templated":true}]}}