

{"id":7840,"date":"2024-05-31T10:22:08","date_gmt":"2024-05-31T10:22:08","guid":{"rendered":"https:\/\/montael.com\/new_site\/?post_type=product&#038;p=7840"},"modified":"2025-06-11T09:51:20","modified_gmt":"2025-06-11T08:51:20","slug":"sapato-de-seguranca-titanium-s1p","status":"publish","type":"product","link":"https:\/\/montael.com\/?product=sapato-de-seguranca-titanium-s1p","title":{"rendered":"Sapato de Seguran\u00e7a TITANIUM S1P"},"content":{"rendered":"<p class=\"text-cinzento-300 mt-7 text-sm leading-descricao\">Sapato de Trabalho TITANIUM com um revestimento exterior em tecido, tem uma sola ante est\u00e1tica e uma capacidade de absor\u00e7\u00e3o de energia no calcanhar, sola interm\u00e9dia em fibra sint\u00e9tica de aramida (anti perfura\u00e7\u00e3o), sola em EVA + Borracha, biqueira de prote\u00e7\u00e3o em material comp\u00f3sito, anti deslizamento piso cer\u00e2mico com SLS (SRA), com uma classifica\u00e7\u00e3o de seguran\u00e7a S1P &#8211; Classe I.<\/p>\n<p><strong>Caracter\u00edsticas:<\/strong><\/p>\n<ul>\n<li>Este cal\u00e7ado destaca-se pela sua comodidade e flexibilidade, sendo um sapato leve e seguro.<\/li>\n<li>Com todas as caracter\u00edsticas necess\u00e1rias \u00e0 prote\u00e7\u00e3o do utilizador, possui sola anti-deslizante, anti-est\u00e1tica e anti-perfura\u00e7\u00e3o. Para al\u00e9m disso, possui capacidade de absor\u00e7\u00e3o de energia no calcanhar e biqueira de prote\u00e7\u00e3o em material comp\u00f3sito.<\/li>\n<li>De elevada qualidade, este sapato \u00e9 revestido em tecido, a biqueira em comp\u00f3sito, sola interm\u00e9dia em fibra sint\u00e9tica de aramida e sola em borracha.<\/li>\n<li style=\"list-style-type: none;\"><\/li>\n<\/ul>\n","protected":false},"excerpt":{"rendered":"<ul>\n<li>Dispon\u00edvel do tamanho 37 ao 46<\/li>\n<\/ul>\n<p>Marca: Vito<\/p>\n","protected":false},"featured_media":7843,"template":"","meta":[],"product_cat":[233,234],"product_tag":[],"class_list":{"0":"post-7840","1":"product","2":"type-product","3":"status-publish","4":"has-post-thumbnail","6":"product_cat-seguranca","7":"product_cat-calcado","8":"ts_product_brand-vito","10":"first","11":"instock","12":"taxable","13":"shipping-taxable","14":"product-type-simple"},"_links":{"self":[{"href":"https:\/\/montael.com\/index.php?rest_route=\/wp\/v2\/product\/7840","targetHints":{"allow":["GET"]}}],"collection":[{"href":"https:\/\/montael.com\/index.php?rest_route=\/wp\/v2\/product"}],"about":[{"href":"https:\/\/montael.com\/index.php?rest_route=\/wp\/v2\/types\/product"}],"wp:featuredmedia":[{"embeddable":true,"href":"https:\/\/montael.com\/index.php?rest_route=\/wp\/v2\/media\/7843"}],"wp:attachment":[{"href":"https:\/\/montael.com\/index.php?rest_route=%2Fwp%2Fv2%2Fmedia&parent=7840"}],"wp:term":[{"taxonomy":"product_cat","embeddable":true,"href":"https:\/\/montael.com\/index.php?rest_route=%2Fwp%2Fv2%2Fproduct_cat&post=7840"},{"taxonomy":"product_tag","embeddable":true,"href":"https:\/\/montael.com\/index.php?rest_route=%2Fwp%2Fv2%2Fproduct_tag&post=7840"}],"curies":[{"name":"wp","href":"https:\/\/api.w.org\/{rel}","templated":true}]}}