

{"id":7807,"date":"2024-05-31T09:53:13","date_gmt":"2024-05-31T09:53:13","guid":{"rendered":"https:\/\/montael.com\/new_site\/?post_type=product&#038;p=7807"},"modified":"2025-06-06T17:42:06","modified_gmt":"2025-06-06T16:42:06","slug":"pr4-massa-4-horas-25-kg","status":"publish","type":"product","link":"https:\/\/montael.com\/?product=pr4-massa-4-horas-25-kg","title":{"rendered":"PR4 massa 4 horas  | 25 Kg"},"content":{"rendered":"<p>Massa de endurecimento em p\u00f3 para o tratamento de juntas nos sistemas construtivos de placa de gesso laminado, com um tempo de uso e endurecimento de 4 horas.<br \/>\n<strong>Aplica\u00e7\u00f5es:<\/strong><\/p>\n<ul>\n<li>Constru\u00e7\u00e3o de sistemas de obra seca em interiores (divis\u00f3rias, revestimentos autoportantes ou diretos, tetos cont\u00ednuos)<\/li>\n<\/ul>\n<p><strong>Vantagens:<\/strong><\/p>\n<ul>\n<li>Facilidade na mistura, aplica\u00e7\u00e3o e lixagem;<\/li>\n<li>Abatimento inferior a 10%;<\/li>\n<li>Flex\u00edvel: adapta-se a qualquer tipo de projeto, independentemente da sua forma<\/li>\n<\/ul>\n","protected":false},"excerpt":{"rendered":"<ul>\n<li>Embalagem: 25 Kg<\/li>\n<\/ul>\n<p>Marca: Placo<\/p>\n","protected":false},"featured_media":8764,"template":"","meta":[],"product_cat":[146,229,312,237],"product_tag":[],"class_list":{"0":"post-7807","1":"product","2":"type-product","3":"status-publish","4":"has-post-thumbnail","6":"product_cat-construcao","7":"product_cat-gesso-laminado","8":"product_cat-massa-de-endurecimento","9":"product_cat-argamassas","10":"ts_product_brand-placo","12":"first","13":"instock","14":"taxable","15":"shipping-taxable","16":"product-type-simple"},"_links":{"self":[{"href":"https:\/\/montael.com\/index.php?rest_route=\/wp\/v2\/product\/7807","targetHints":{"allow":["GET"]}}],"collection":[{"href":"https:\/\/montael.com\/index.php?rest_route=\/wp\/v2\/product"}],"about":[{"href":"https:\/\/montael.com\/index.php?rest_route=\/wp\/v2\/types\/product"}],"wp:featuredmedia":[{"embeddable":true,"href":"https:\/\/montael.com\/index.php?rest_route=\/wp\/v2\/media\/8764"}],"wp:attachment":[{"href":"https:\/\/montael.com\/index.php?rest_route=%2Fwp%2Fv2%2Fmedia&parent=7807"}],"wp:term":[{"taxonomy":"product_cat","embeddable":true,"href":"https:\/\/montael.com\/index.php?rest_route=%2Fwp%2Fv2%2Fproduct_cat&post=7807"},{"taxonomy":"product_tag","embeddable":true,"href":"https:\/\/montael.com\/index.php?rest_route=%2Fwp%2Fv2%2Fproduct_tag&post=7807"}],"curies":[{"name":"wp","href":"https:\/\/api.w.org\/{rel}","templated":true}]}}