

{"id":7792,"date":"2024-05-31T09:17:34","date_gmt":"2024-05-31T09:17:34","guid":{"rendered":"https:\/\/montael.com\/new_site\/?post_type=product&#038;p=7792"},"modified":"2025-06-11T09:54:25","modified_gmt":"2025-06-11T08:54:25","slug":"sapato-de-seguranca-em-camurca-genes-s1p","status":"publish","type":"product","link":"https:\/\/montael.com\/?product=sapato-de-seguranca-em-camurca-genes-s1p","title":{"rendered":"Sapato de Seguran\u00e7a em Camur\u00e7a GENES S1P"},"content":{"rendered":"<p class=\"text-cinzento-300 mt-7 text-sm leading-descricao\">Cal\u00e7ado GENES desenhado para profiss\u00f5es mais exigentes e condi\u00e7\u00f5es adversas.<\/p>\n<p><strong>Caracter\u00edsticas<\/strong><\/p>\n<ul>\n<li>Revestimento: Pele camur\u00e7a;<\/li>\n<li>Biqueira: A\u00e7o;<\/li>\n<li>Sola interm\u00e9dia: A\u00e7o;<\/li>\n<li>Sola: Poliuretano de dupla densidade;<\/li>\n<li>Certifica\u00e7\u00e3o: EN ISO 20345: 2011.<\/li>\n<li style=\"list-style-type: none;\"><\/li>\n<\/ul>\n","protected":false},"excerpt":{"rendered":"<ul>\n<li>Dispon\u00edvel do tamanho 37 ao 46<\/li>\n<\/ul>\n<p>Marca: Vito<\/p>\n","protected":false},"featured_media":7794,"template":"","meta":[],"product_cat":[233,234],"product_tag":[],"class_list":{"0":"post-7792","1":"product","2":"type-product","3":"status-publish","4":"has-post-thumbnail","6":"product_cat-seguranca","7":"product_cat-calcado","8":"ts_product_brand-vito","10":"first","11":"instock","12":"taxable","13":"shipping-taxable","14":"product-type-simple"},"_links":{"self":[{"href":"https:\/\/montael.com\/index.php?rest_route=\/wp\/v2\/product\/7792","targetHints":{"allow":["GET"]}}],"collection":[{"href":"https:\/\/montael.com\/index.php?rest_route=\/wp\/v2\/product"}],"about":[{"href":"https:\/\/montael.com\/index.php?rest_route=\/wp\/v2\/types\/product"}],"wp:featuredmedia":[{"embeddable":true,"href":"https:\/\/montael.com\/index.php?rest_route=\/wp\/v2\/media\/7794"}],"wp:attachment":[{"href":"https:\/\/montael.com\/index.php?rest_route=%2Fwp%2Fv2%2Fmedia&parent=7792"}],"wp:term":[{"taxonomy":"product_cat","embeddable":true,"href":"https:\/\/montael.com\/index.php?rest_route=%2Fwp%2Fv2%2Fproduct_cat&post=7792"},{"taxonomy":"product_tag","embeddable":true,"href":"https:\/\/montael.com\/index.php?rest_route=%2Fwp%2Fv2%2Fproduct_tag&post=7792"}],"curies":[{"name":"wp","href":"https:\/\/api.w.org\/{rel}","templated":true}]}}