

{"id":7786,"date":"2024-05-31T09:11:31","date_gmt":"2024-05-31T09:11:31","guid":{"rendered":"https:\/\/montael.com\/new_site\/?post_type=product&#038;p=7786"},"modified":"2025-06-11T09:53:57","modified_gmt":"2025-06-11T08:53:57","slug":"sapato-de-seguranca-em-pele-classic-s3","status":"publish","type":"product","link":"https:\/\/montael.com\/?product=sapato-de-seguranca-em-pele-classic-s3","title":{"rendered":"Sapato de Seguran\u00e7a em Pele CLASSIC S3"},"content":{"rendered":"<p class=\"text-cinzento-300 mt-7 text-sm leading-descricao\">Sapato de Trabalho em Pele, com uma classifica\u00e7\u00e3o de seguran\u00e7a S3 &#8211; Classe I, tem uma sola interm\u00e9dia em a\u00e7o e a sola em PU de dupla densidade, para o facilitar nas atividades mais duras.<\/p>\n<p><strong>Caracter\u00edsticas<\/strong><\/p>\n<ul class=\"list-disc ml-5 mt-3\">\n<li>Sabendo que a prote\u00e7\u00e3o dos p\u00e9s de possiveis les\u00f5es \u00e9 fundamental e a seguran\u00e7a do trabalhador \u00e9 o mais importante, o sapato classic re\u00fane todas as caracter\u00edsticas para uma prote\u00e7\u00e3o eficiente aliada ao conforto.<\/li>\n<li>Sola anti est\u00e1tica e com capacidade de absor\u00e7\u00e3o de energia no calcanhar.<\/li>\n<li>Sola anti perfura\u00e7\u00e3o e anti deslizamento, com biqueira de prote\u00e7\u00e3o em material comp\u00f3sito.<\/li>\n<li>De elevada qualidade, resist\u00eancia e flexibilidade, este cal\u00e7ado cumpre a norma EN ISO 20345.<\/li>\n<li>Revestimento exterior em pele, sola interm\u00e9dia em a\u00e7o, sola em PU de dupla densidade e biqueira em a\u00e7o.<\/li>\n<\/ul>\n","protected":false},"excerpt":{"rendered":"<ul>\n<li>Dispon\u00edvel do tamanho 36 ao 46<\/li>\n<\/ul>\n<p>Marca: Vito<\/p>\n","protected":false},"featured_media":7787,"template":"","meta":[],"product_cat":[233,234],"product_tag":[],"class_list":{"0":"post-7786","1":"product","2":"type-product","3":"status-publish","4":"has-post-thumbnail","6":"product_cat-seguranca","7":"product_cat-calcado","8":"ts_product_brand-vito","10":"first","11":"instock","12":"taxable","13":"shipping-taxable","14":"product-type-simple"},"_links":{"self":[{"href":"https:\/\/montael.com\/index.php?rest_route=\/wp\/v2\/product\/7786","targetHints":{"allow":["GET"]}}],"collection":[{"href":"https:\/\/montael.com\/index.php?rest_route=\/wp\/v2\/product"}],"about":[{"href":"https:\/\/montael.com\/index.php?rest_route=\/wp\/v2\/types\/product"}],"wp:featuredmedia":[{"embeddable":true,"href":"https:\/\/montael.com\/index.php?rest_route=\/wp\/v2\/media\/7787"}],"wp:attachment":[{"href":"https:\/\/montael.com\/index.php?rest_route=%2Fwp%2Fv2%2Fmedia&parent=7786"}],"wp:term":[{"taxonomy":"product_cat","embeddable":true,"href":"https:\/\/montael.com\/index.php?rest_route=%2Fwp%2Fv2%2Fproduct_cat&post=7786"},{"taxonomy":"product_tag","embeddable":true,"href":"https:\/\/montael.com\/index.php?rest_route=%2Fwp%2Fv2%2Fproduct_tag&post=7786"}],"curies":[{"name":"wp","href":"https:\/\/api.w.org\/{rel}","templated":true}]}}