

{"id":7778,"date":"2024-05-31T09:01:57","date_gmt":"2024-05-31T09:01:57","guid":{"rendered":"https:\/\/montael.com\/new_site\/?post_type=product&#038;p=7778"},"modified":"2025-06-06T17:44:11","modified_gmt":"2025-06-06T16:44:11","slug":"placa-gesso-laminado-progyp-ppm-ba13-1200x3000x125-4f000067","status":"publish","type":"product","link":"https:\/\/montael.com\/?product=placa-gesso-laminado-progyp-ppm-ba13-1200x3000x125-4f000067","title":{"rendered":"Placa gesso laminado Progyp PPM BA13 1200x3000x12,5 | 4F000067"},"content":{"rendered":"<p>Placa de gesso laminado Placomarine &#8211; PPM (do tipo H1) com propriedades hidr\u00f3fugas para zonas interiores de humidade m\u00e9dia<\/p>\n<p><strong>Aplica\u00e7\u00f5es:<\/strong><\/p>\n<ul>\n<li>Constru\u00e7\u00e3o de sistemas de obra seca em interiores (divis\u00f3rias, revestimentos autoportantes ou diretos e tetos cont\u00ednuos);<\/li>\n<li>Locais com humidade m\u00e9dia;<\/li>\n<li>Indicado para cozinhas e casas de banho.<\/li>\n<\/ul>\n<p><strong>Vantagens:<\/strong><\/p>\n<ul>\n<li>Aditivada para reduzir a absor\u00e7\u00e3o superficial de \u00e1gua (H1 de acordo com a norma EN 520).<\/li>\n<\/ul>\n","protected":false},"excerpt":{"rendered":"<ul>\n<li>Placa | Progyp PPM BA13<\/li>\n<li>Medida: Largura:1200 | Comprimento 200 | Espessura 12.5<\/li>\n<li>Palete | 36 Placas<\/li>\n<\/ul>\n<p>Marca: Placo<\/p>\n","protected":false},"featured_media":7793,"template":"","meta":[],"product_cat":[146,229,232,311],"product_tag":[],"class_list":{"0":"post-7778","1":"product","2":"type-product","3":"status-publish","4":"has-post-thumbnail","6":"product_cat-construcao","7":"product_cat-gesso-laminado","8":"product_cat-placa-gesso-laminado-hidrofugas","9":"product_cat-placas-gesso-cartonado","10":"ts_product_brand-placo","12":"first","13":"instock","14":"taxable","15":"shipping-taxable","16":"product-type-simple"},"_links":{"self":[{"href":"https:\/\/montael.com\/index.php?rest_route=\/wp\/v2\/product\/7778","targetHints":{"allow":["GET"]}}],"collection":[{"href":"https:\/\/montael.com\/index.php?rest_route=\/wp\/v2\/product"}],"about":[{"href":"https:\/\/montael.com\/index.php?rest_route=\/wp\/v2\/types\/product"}],"wp:featuredmedia":[{"embeddable":true,"href":"https:\/\/montael.com\/index.php?rest_route=\/wp\/v2\/media\/7793"}],"wp:attachment":[{"href":"https:\/\/montael.com\/index.php?rest_route=%2Fwp%2Fv2%2Fmedia&parent=7778"}],"wp:term":[{"taxonomy":"product_cat","embeddable":true,"href":"https:\/\/montael.com\/index.php?rest_route=%2Fwp%2Fv2%2Fproduct_cat&post=7778"},{"taxonomy":"product_tag","embeddable":true,"href":"https:\/\/montael.com\/index.php?rest_route=%2Fwp%2Fv2%2Fproduct_tag&post=7778"}],"curies":[{"name":"wp","href":"https:\/\/api.w.org\/{rel}","templated":true}]}}