

{"id":7777,"date":"2024-05-31T09:00:24","date_gmt":"2024-05-31T09:00:24","guid":{"rendered":"https:\/\/montael.com\/new_site\/?post_type=product&#038;p=7777"},"modified":"2025-06-11T09:53:11","modified_gmt":"2025-06-11T08:53:11","slug":"sapato-de-seguranca-spirit-s1p","status":"publish","type":"product","link":"https:\/\/montael.com\/?product=sapato-de-seguranca-spirit-s1p","title":{"rendered":"Sapato de Seguran\u00e7a SPIRIT S1P"},"content":{"rendered":"<p class=\"text-cinzento-300 mt-7 text-sm leading-descricao\">Sapato de Trabalho feito em tecido, com uma classifica\u00e7\u00e3o de seguran\u00e7a S1P &#8211; Classe I, tem uma sola interm\u00e9dia em fibra sint\u00e9tica de aramida e a sola em PU de dupla densidade, facilitando a execu\u00e7\u00e3o das suas atividades.<\/p>\n<p><strong>Caracter\u00edsticas<\/strong><\/p>\n<ul class=\"list-disc ml-5 mt-3\">\n<li>De elevada qualidade, este sapato \u00e9 c\u00f3modo e flex\u00edvel, cumprindo a norma EN ISO 20345, garantindo uma maior e melhor prote\u00e7\u00e3o do utilizador.<\/li>\n<li>Com sola anti-est\u00e1tica, anti-perfura\u00e7\u00e3o e anti-deslizamento.<\/li>\n<li>Capacidade de absor\u00e7\u00e3o de energia no calcanhar e biqueira de prote\u00e7\u00e3o em material comp\u00f3sito.<\/li>\n<\/ul>\n","protected":false},"excerpt":{"rendered":"<ul>\n<li>Dispon\u00edvel do tamanho 36 ao 46<\/li>\n<\/ul>\n<p>Marca: Vito<\/p>\n","protected":false},"featured_media":7779,"template":"","meta":[],"product_cat":[233,234],"product_tag":[],"class_list":{"0":"post-7777","1":"product","2":"type-product","3":"status-publish","4":"has-post-thumbnail","6":"product_cat-seguranca","7":"product_cat-calcado","8":"ts_product_brand-vito","10":"first","11":"instock","12":"taxable","13":"shipping-taxable","14":"product-type-simple"},"_links":{"self":[{"href":"https:\/\/montael.com\/index.php?rest_route=\/wp\/v2\/product\/7777","targetHints":{"allow":["GET"]}}],"collection":[{"href":"https:\/\/montael.com\/index.php?rest_route=\/wp\/v2\/product"}],"about":[{"href":"https:\/\/montael.com\/index.php?rest_route=\/wp\/v2\/types\/product"}],"wp:featuredmedia":[{"embeddable":true,"href":"https:\/\/montael.com\/index.php?rest_route=\/wp\/v2\/media\/7779"}],"wp:attachment":[{"href":"https:\/\/montael.com\/index.php?rest_route=%2Fwp%2Fv2%2Fmedia&parent=7777"}],"wp:term":[{"taxonomy":"product_cat","embeddable":true,"href":"https:\/\/montael.com\/index.php?rest_route=%2Fwp%2Fv2%2Fproduct_cat&post=7777"},{"taxonomy":"product_tag","embeddable":true,"href":"https:\/\/montael.com\/index.php?rest_route=%2Fwp%2Fv2%2Fproduct_tag&post=7777"}],"curies":[{"name":"wp","href":"https:\/\/api.w.org\/{rel}","templated":true}]}}