

{"id":7768,"date":"2024-05-31T07:53:13","date_gmt":"2024-05-31T07:53:13","guid":{"rendered":"https:\/\/montael.com\/new_site\/?post_type=product&#038;p=7768"},"modified":"2025-06-06T17:47:52","modified_gmt":"2025-06-06T16:47:52","slug":"placa-gesso-cartonado-progyp-ba13-p01382000-pspg","status":"publish","type":"product","link":"https:\/\/montael.com\/?product=placa-gesso-cartonado-progyp-ba13-p01382000-pspg","title":{"rendered":"Placa gesso claminado Progyp BA13 1200x2500x12,5 | P01382500 PSPG"},"content":{"rendered":"<p>Placa de gesso laminado standard para zonas interiores secas<br \/>\nApta para constru\u00e7\u00e3o de sistemas de obra seca em interiores: Divis\u00f3rias, revestimentos autoportantes ou diretos, tetos cont\u00ednuos, elementos decorativos e elementos conformados<\/p>\n<p>&nbsp;<\/p>\n","protected":false},"excerpt":{"rendered":"<ul>\n<li>Placa | Progyp BA13<\/li>\n<li>Medida: Largura:1200 | Comprimento 250 | Espessura 12.5<\/li>\n<\/ul>\n<p>Marca: Placo<\/p>\n","protected":false},"featured_media":7769,"template":"","meta":[],"product_cat":[146,229,311,230],"product_tag":[],"class_list":{"0":"post-7768","1":"product","2":"type-product","3":"status-publish","4":"has-post-thumbnail","6":"product_cat-construcao","7":"product_cat-gesso-laminado","8":"product_cat-placas-gesso-cartonado","9":"product_cat-placas-gesso-laminado-standart","10":"ts_product_brand-placo","12":"first","13":"instock","14":"taxable","15":"shipping-taxable","16":"product-type-simple"},"_links":{"self":[{"href":"https:\/\/montael.com\/index.php?rest_route=\/wp\/v2\/product\/7768","targetHints":{"allow":["GET"]}}],"collection":[{"href":"https:\/\/montael.com\/index.php?rest_route=\/wp\/v2\/product"}],"about":[{"href":"https:\/\/montael.com\/index.php?rest_route=\/wp\/v2\/types\/product"}],"wp:featuredmedia":[{"embeddable":true,"href":"https:\/\/montael.com\/index.php?rest_route=\/wp\/v2\/media\/7769"}],"wp:attachment":[{"href":"https:\/\/montael.com\/index.php?rest_route=%2Fwp%2Fv2%2Fmedia&parent=7768"}],"wp:term":[{"taxonomy":"product_cat","embeddable":true,"href":"https:\/\/montael.com\/index.php?rest_route=%2Fwp%2Fv2%2Fproduct_cat&post=7768"},{"taxonomy":"product_tag","embeddable":true,"href":"https:\/\/montael.com\/index.php?rest_route=%2Fwp%2Fv2%2Fproduct_tag&post=7768"}],"curies":[{"name":"wp","href":"https:\/\/api.w.org\/{rel}","templated":true}]}}