

{"id":7719,"date":"2024-05-29T16:12:29","date_gmt":"2024-05-29T16:12:29","guid":{"rendered":"https:\/\/montael.com\/new_site\/?post_type=product&#038;p=7719"},"modified":"2025-06-06T17:33:20","modified_gmt":"2025-06-06T16:33:20","slug":"conjunto-oli80-simflex-iplate-cr01010216228","status":"publish","type":"product","link":"https:\/\/montael.com\/?product=conjunto-oli80-simflex-iplate-cr01010216228","title":{"rendered":"Conjunto OLI80 SIMFLEX + IPLATE CR01010216228"},"content":{"rendered":"<p>OLI80 Simflex \u00e9 compat\u00edvel com todas as sanitas suspensas e para encastrar em paredes de alvenaria.<\/p>\n<p><strong>Caracter\u00edsticas:<\/strong><\/p>\n<ul>\n<li>Compat\u00edvel com todos os tipos de sanita suspensa;<\/li>\n<li>80 mm de espessura;<\/li>\n<li>Autoclismo de encastrar em paredes de alvenaria.<\/li>\n<\/ul>\n<p><strong>Inclui:<\/strong><\/p>\n<ul>\n<li>Rede para facilitar a aplica\u00e7\u00e3o em paredes de alvenaria;<\/li>\n<li>Acess\u00f3rios de fixa\u00e7\u00e3o para lou\u00e7a sanit\u00e1ria;<\/li>\n<li>Acess\u00f3rios de fixa\u00e7\u00e3o da estrutura;<\/li>\n<li>Tubos de liga\u00e7\u00e3o \u00e0 sanita;<\/li>\n<li>Curva de esgoto \u00d8 90\/90;<\/li>\n<li>Adaptador \u00d8 90\/110;<\/li>\n<li>Torneira de esquadria G 1\/2\u2019\u2019.<\/li>\n<\/ul>\n","protected":false},"excerpt":{"rendered":"<p>Conjunto de estrutura para sanita suspensa + placa de descarga<\/p>\n<p>Marca: Oli<\/p>\n","protected":false},"featured_media":7723,"template":"","meta":[],"product_cat":[149,308,187],"product_tag":[],"class_list":{"0":"post-7719","1":"product","2":"type-product","3":"status-publish","4":"has-post-thumbnail","6":"product_cat-casa-de-banho","7":"product_cat-paredes-alvenaria","8":"product_cat-sistemas-de-instalacao","9":"ts_product_brand-oli","11":"first","12":"instock","13":"featured","14":"taxable","15":"shipping-taxable","16":"product-type-simple"},"_links":{"self":[{"href":"https:\/\/montael.com\/index.php?rest_route=\/wp\/v2\/product\/7719","targetHints":{"allow":["GET"]}}],"collection":[{"href":"https:\/\/montael.com\/index.php?rest_route=\/wp\/v2\/product"}],"about":[{"href":"https:\/\/montael.com\/index.php?rest_route=\/wp\/v2\/types\/product"}],"wp:featuredmedia":[{"embeddable":true,"href":"https:\/\/montael.com\/index.php?rest_route=\/wp\/v2\/media\/7723"}],"wp:attachment":[{"href":"https:\/\/montael.com\/index.php?rest_route=%2Fwp%2Fv2%2Fmedia&parent=7719"}],"wp:term":[{"taxonomy":"product_cat","embeddable":true,"href":"https:\/\/montael.com\/index.php?rest_route=%2Fwp%2Fv2%2Fproduct_cat&post=7719"},{"taxonomy":"product_tag","embeddable":true,"href":"https:\/\/montael.com\/index.php?rest_route=%2Fwp%2Fv2%2Fproduct_tag&post=7719"}],"curies":[{"name":"wp","href":"https:\/\/api.w.org\/{rel}","templated":true}]}}