

{"id":7704,"date":"2024-05-29T15:41:41","date_gmt":"2024-05-29T15:41:41","guid":{"rendered":"https:\/\/montael.com\/new_site\/?post_type=product&#038;p=7704"},"modified":"2025-06-06T17:35:54","modified_gmt":"2025-06-06T16:35:54","slug":"sanitarblock-cc01000008908","status":"publish","type":"product","link":"https:\/\/montael.com\/?product=sanitarblock-cc01000008908","title":{"rendered":"SANITARBLOCK CC01000008908"},"content":{"rendered":"<p>A OLI disponibiliza uma vasta gama de estruturas que se adequam a todas as suas necessidades.<\/p>\n<p><strong>Caracter\u00edsticas:<\/strong><\/p>\n<ul>\n<li>Instala\u00e7\u00e3o em parede de alvenaria e parede ligeira ou de gesso cartonado;<\/li>\n<li>Estrutura tubular pintada;<\/li>\n<li>Estrutura testada para suportar at\u00e9 400kg;<\/li>\n<li>Regul\u00e1vel em altura;<\/li>\n<li>Placas de suporte de tubos de liga\u00e7\u00e3o e de fixa\u00e7\u00e3o bid\u00e9 ajust\u00e1veis;<\/li>\n<li>80 mm de espessura.<\/li>\n<\/ul>\n<p><strong>Inclui:<\/strong><\/p>\n<ul>\n<li>Material de fixa\u00e7\u00e3o do bid\u00e9;<\/li>\n<li>Material de fixa\u00e7\u00e3o da estrutura;<\/li>\n<li>Curva de esgoto \u00d840-32\/50.<\/li>\n<\/ul>\n<ul>\n<li style=\"list-style-type: none;\"><\/li>\n<\/ul>\n","protected":false},"excerpt":{"rendered":"<p>Estrutura para bid\u00e9 suspenso<\/p>\n<p>Marca: Oli<\/p>\n","protected":false},"featured_media":7706,"template":"","meta":[],"product_cat":[149,309,187],"product_tag":[],"class_list":{"0":"post-7704","1":"product","2":"type-product","3":"status-publish","4":"has-post-thumbnail","6":"product_cat-casa-de-banho","7":"product_cat-parede-tecnica","8":"product_cat-sistemas-de-instalacao","9":"ts_product_brand-oli","11":"first","12":"instock","13":"taxable","14":"shipping-taxable","15":"product-type-simple"},"_links":{"self":[{"href":"https:\/\/montael.com\/index.php?rest_route=\/wp\/v2\/product\/7704","targetHints":{"allow":["GET"]}}],"collection":[{"href":"https:\/\/montael.com\/index.php?rest_route=\/wp\/v2\/product"}],"about":[{"href":"https:\/\/montael.com\/index.php?rest_route=\/wp\/v2\/types\/product"}],"wp:featuredmedia":[{"embeddable":true,"href":"https:\/\/montael.com\/index.php?rest_route=\/wp\/v2\/media\/7706"}],"wp:attachment":[{"href":"https:\/\/montael.com\/index.php?rest_route=%2Fwp%2Fv2%2Fmedia&parent=7704"}],"wp:term":[{"taxonomy":"product_cat","embeddable":true,"href":"https:\/\/montael.com\/index.php?rest_route=%2Fwp%2Fv2%2Fproduct_cat&post=7704"},{"taxonomy":"product_tag","embeddable":true,"href":"https:\/\/montael.com\/index.php?rest_route=%2Fwp%2Fv2%2Fproduct_tag&post=7704"}],"curies":[{"name":"wp","href":"https:\/\/api.w.org\/{rel}","templated":true}]}}