

{"id":7672,"date":"2024-05-29T14:25:22","date_gmt":"2024-05-29T14:25:22","guid":{"rendered":"https:\/\/montael.com\/new_site\/?post_type=product&#038;p=7672"},"modified":"2025-06-06T14:36:09","modified_gmt":"2025-06-06T13:36:09","slug":"duofix-sigma8-111-791-00-1","status":"publish","type":"product","link":"https:\/\/montael.com\/?product=duofix-sigma8-111-791-00-1","title":{"rendered":"Duofix Sigma8 111.791.00.1"},"content":{"rendered":"<p dir=\"ltr\" data-placeholder=\"Tradu\u00e7\u00e3o\" aria-label=\"Texto traduzido\" data-ved=\"2ahUKEwjh4KHixt-FAxUuBdsEHYLLA8QQ3ewLegQIExAU\"><strong>Campos de aplica\u00e7\u00e3o:<\/strong><\/p>\n<ul>\n<li dir=\"ltr\" data-placeholder=\"Tradu\u00e7\u00e3o\" aria-label=\"Texto traduzido\" data-ved=\"2ahUKEwjh4KHixt-FAxUuBdsEHYLLA8QQ3ewLegQIExAU\">Para paredes ligeiras\/falsas<\/li>\n<li dir=\"ltr\" data-placeholder=\"Tradu\u00e7\u00e3o\" aria-label=\"Texto traduzido\" data-ved=\"2ahUKEwjh4KHixt-FAxUuBdsEHYLLA8QQ3ewLegQIExAU\">Para montagem em constru\u00e7\u00f5es embutidas de altura parcial ou total<\/li>\n<li dir=\"ltr\" data-placeholder=\"Tradu\u00e7\u00e3o\" aria-label=\"Texto traduzido\" data-ved=\"2ahUKEwjh4KHixt-FAxUuBdsEHYLLA8QQ3ewLegQIExAU\">Para sanitas suspensas com medidas de liga\u00e7\u00e3o conforme EN 33:2011<\/li>\n<li dir=\"ltr\" data-placeholder=\"Tradu\u00e7\u00e3o\" aria-label=\"Texto traduzido\" data-ved=\"2ahUKEwjh4KHixt-FAxUuBdsEHYLLA8QQ3ewLegQIExAU\">Para descarga simples, descarga dupla ou descarga interromp\u00edvel<\/li>\n<li dir=\"ltr\" data-placeholder=\"Tradu\u00e7\u00e3o\" aria-label=\"Texto traduzido\" data-ved=\"2ahUKEwjh4KHixt-FAxUuBdsEHYLLA8QQ3ewLegQIExAU\">Para sanitas com profundidade at\u00e9 75 cm<\/li>\n<li dir=\"ltr\" data-placeholder=\"Tradu\u00e7\u00e3o\" aria-label=\"Texto traduzido\" data-ved=\"2ahUKEwjh4KHixt-FAxUuBdsEHYLLA8QQ3ewLegQIExAU\">Para altura de enchimento de 0 a 30 cm<\/li>\n<\/ul>\n<p><strong>Caracter\u00edsticas:<\/strong><\/p>\n<ul>\n<li>Estrutura de auto fixa\u00e7\u00e3o est\u00e1tica, lacada para prote\u00e7\u00e3o contra corros\u00e3o<\/li>\n<li>Estrutura com furos \u00f8 9 mm para fixa\u00e7\u00e3o na constru\u00e7\u00e3o em estrutura de madeira<\/li>\n<li>Estrutura preparada para suportes em sanitas cer\u00e2micas com superf\u00edcie de contacto pequena<\/li>\n<li>P\u00e9s de apoio galvanizados<\/li>\n<li>P\u00e9s de apoio com altura regul\u00e1vel sem intervalos<\/li>\n<li>P\u00e9s de apoio com bloqueio anti deslize<\/li>\n<li>Profundidade dos p\u00e9s adequada \u00e0 montagem em perfis em U UW 50 e perfis para sistema Geberit Duofix<\/li>\n<li>Curva de descarga dom diferentes posi\u00e7\u00f5es de profundidade, mont\u00e1vel sem ferramenta<\/li>\n<li>Curva de descarga mont\u00e1vel verticalmente em posi\u00e7\u00e3o de profundidade alinhada \u00e0 frente<\/li>\n<li>Curva de descarga extens\u00edvel, para ligar no ch\u00e3o<\/li>\n<li>Fixa\u00e7\u00e3o isof\u00f3nica da curva de descarga<\/li>\n<li>Autoclismo de interior com descarga frontal<\/li>\n<li>Autoclismo de interior totalmente isolado contra a condensa\u00e7\u00e3o<\/li>\n<li>Nas defini\u00e7\u00f5es de f\u00e1brica, \u00e9 poss\u00edvel a descarga posterior imediata<\/li>\n<li>Trabalhos de montagem e manuten\u00e7\u00e3o do autoclismo de interior sem ferramenta<\/li>\n<li>Liga\u00e7\u00e3o ao abastecimento de \u00e1gua em cima, \u00e0 esquerda<\/li>\n<li>Caixa de prote\u00e7\u00e3o para tampa de acesso protege contra humidade e sujidade<\/li>\n<li>Caixa de prote\u00e7\u00e3o para tampa de acesso pode ser cortada ao comprimento, adequada a placas de comando de descarga alinhadas \u00e0 face<\/li>\n<li>Com tubo guia para tubagem de abastecimento de \u00e1gua para sanitas bid\u00e9 Geberit AquaClean e para cabo de liga\u00e7\u00e3o \u00e0 eletricidade<\/li>\n<li>Op\u00e7\u00e3o de fixa\u00e7\u00e3o para liga\u00e7\u00e3o el\u00e9trica<\/li>\n<\/ul>\n<p><strong>Fornecimento:<\/strong><\/p>\n<ul>\n<li>Liga\u00e7\u00e3o ao abastecimento de \u00e1gua R 1\/2&#8243;, compat\u00edvel com MasterFix e MeplaFix, com v\u00e1lvula de corte de esquadria e roseta integradas<\/li>\n<li>Caixa de prote\u00e7\u00e3o para tampa de acesso<\/li>\n<li>2 ancorados \u00e0 parede<\/li>\n<li>2 tamp\u00f5es de prote\u00e7\u00e3o<\/li>\n<li>Kit de liga\u00e7\u00e3o para sanita, \u00f8 90 mm<\/li>\n<li>Curva de descarga 90\u00b0 de PVC, \u00f8 90 mm<\/li>\n<li>Adaptador de redu\u00e7\u00e3o de PVC, \u00f8 90\/110 mm<\/li>\n<li>2 var\u00f5es roscados M12<\/li>\n<li>Material de fixa\u00e7\u00e3o<\/li>\n<\/ul>\n","protected":false},"excerpt":{"rendered":"<p>Estrutura para sanita suspensa<\/p>\n<p>Marca: Geberit<\/p>\n","protected":false},"featured_media":7673,"template":"","meta":[],"product_cat":[149,309,187],"product_tag":[],"class_list":{"0":"post-7672","1":"product","2":"type-product","3":"status-publish","4":"has-post-thumbnail","6":"product_cat-casa-de-banho","7":"product_cat-parede-tecnica","8":"product_cat-sistemas-de-instalacao","9":"ts_product_brand-geberit","11":"first","12":"instock","13":"taxable","14":"shipping-taxable","15":"product-type-simple"},"_links":{"self":[{"href":"https:\/\/montael.com\/index.php?rest_route=\/wp\/v2\/product\/7672","targetHints":{"allow":["GET"]}}],"collection":[{"href":"https:\/\/montael.com\/index.php?rest_route=\/wp\/v2\/product"}],"about":[{"href":"https:\/\/montael.com\/index.php?rest_route=\/wp\/v2\/types\/product"}],"wp:featuredmedia":[{"embeddable":true,"href":"https:\/\/montael.com\/index.php?rest_route=\/wp\/v2\/media\/7673"}],"wp:attachment":[{"href":"https:\/\/montael.com\/index.php?rest_route=%2Fwp%2Fv2%2Fmedia&parent=7672"}],"wp:term":[{"taxonomy":"product_cat","embeddable":true,"href":"https:\/\/montael.com\/index.php?rest_route=%2Fwp%2Fv2%2Fproduct_cat&post=7672"},{"taxonomy":"product_tag","embeddable":true,"href":"https:\/\/montael.com\/index.php?rest_route=%2Fwp%2Fv2%2Fproduct_tag&post=7672"}],"curies":[{"name":"wp","href":"https:\/\/api.w.org\/{rel}","templated":true}]}}