

{"id":7647,"date":"2024-05-29T13:28:06","date_gmt":"2024-05-29T13:28:06","guid":{"rendered":"https:\/\/montael.com\/new_site\/?post_type=product&#038;p=7647"},"modified":"2025-06-09T11:11:45","modified_gmt":"2025-06-09T10:11:45","slug":"pack-sanslim-41933","status":"publish","type":"product","link":"https:\/\/montael.com\/?product=pack-sanslim-41933","title":{"rendered":"Pack SANSLIM 41933"},"content":{"rendered":"<p dir=\"ltr\" data-placeholder=\"Tradu\u00e7\u00e3o\" aria-label=\"Texto traduzido\" data-ved=\"2ahUKEwjh4KHixt-FAxUuBdsEHYLLA8QQ3ewLegQIExAU\"><strong>Caracter\u00edsticas:<\/strong><\/p>\n<ul>\n<li><span class=\"weight changeable\" data-field=\"weight\">Peso | 9.50<\/span>\u00a0kg<\/li>\n<li>Com 4 pontos de fixa\u00e7\u00e3o \u00e0 parede<\/li>\n<li>Com duplo isolamento ac\u00fastico e anti condensa\u00e7\u00e3o<\/li>\n<li>Com revestimento anti corros\u00e3o<\/li>\n<li>Conte\u00fado da embalagem &#8211; Suporte Sanslim e placa de descarga To-Slim<\/li>\n<li>Equipado com placa de dupla descarga pr\u00e9-regulada a 3\/6Lpf<\/li>\n<li>Espessura da parede frontal de revestimento &#8211; 15 a 110mm<\/li>\n<li>F\u00e1cil acesso ao interior para manuten\u00e7\u00e3o<\/li>\n<li>Kit de fixa\u00e7\u00e3o do suporte \u00e0 parede, kit de fixa\u00e7\u00e3o da sanita ao suporte e kit de fixa\u00e7\u00e3o da placa \u00e0 estrutura inclu\u00eddos<\/li>\n<li>Modo de funcionamento &#8211; acionamento mec\u00e2nico<\/li>\n<li>Peso est\u00e1tico suportado &#8211; 400Kg<\/li>\n<li>Posi\u00e7\u00e3o da entrada de \u00e1gua &#8211; superior central<\/li>\n<li>Posi\u00e7\u00e3o do acionamento da descarga &#8211; frontal<\/li>\n<li>Possibilidade de regular o volume de descarga entre 2.5\/4.5Lpf e 4.5\/9Lpf em fun\u00e7\u00e3o do desempenho da sanita<\/li>\n<li>Press\u00e3o de trabalho recomendada: Min\u00edma 0.5 bar &#8211; M\u00e1xima 10.0 bar<\/li>\n<li>Profundidade n\u00e3o regul\u00e1vel<\/li>\n<li>Entrada de \u00e1gua &#8211; G1\/2&#8243;<\/li>\n<li>Aplica\u00e7\u00e3o &#8211; encastrado e fixo em paredes de alvenaria para sanitas suspensas<\/li>\n<li>Curva de descarga 90\/90 com posi\u00e7\u00e3o regul\u00e1vel e adaptador 90\/110<\/li>\n<\/ul>\n","protected":false},"excerpt":{"rendered":"<p>Suporte para sanita suspensa e placa de descarga to-slim para paredes de alvenaria<\/p>\n<p>Marca: Sanindusa<\/p>\n","protected":false},"featured_media":7648,"template":"","meta":[],"product_cat":[149,308,187],"product_tag":[],"class_list":{"0":"post-7647","1":"product","2":"type-product","3":"status-publish","4":"has-post-thumbnail","6":"product_cat-casa-de-banho","7":"product_cat-paredes-alvenaria","8":"product_cat-sistemas-de-instalacao","9":"ts_product_brand-sanindusa","11":"first","12":"instock","13":"featured","14":"taxable","15":"shipping-taxable","16":"product-type-simple"},"_links":{"self":[{"href":"https:\/\/montael.com\/index.php?rest_route=\/wp\/v2\/product\/7647","targetHints":{"allow":["GET"]}}],"collection":[{"href":"https:\/\/montael.com\/index.php?rest_route=\/wp\/v2\/product"}],"about":[{"href":"https:\/\/montael.com\/index.php?rest_route=\/wp\/v2\/types\/product"}],"wp:featuredmedia":[{"embeddable":true,"href":"https:\/\/montael.com\/index.php?rest_route=\/wp\/v2\/media\/7648"}],"wp:attachment":[{"href":"https:\/\/montael.com\/index.php?rest_route=%2Fwp%2Fv2%2Fmedia&parent=7647"}],"wp:term":[{"taxonomy":"product_cat","embeddable":true,"href":"https:\/\/montael.com\/index.php?rest_route=%2Fwp%2Fv2%2Fproduct_cat&post=7647"},{"taxonomy":"product_tag","embeddable":true,"href":"https:\/\/montael.com\/index.php?rest_route=%2Fwp%2Fv2%2Fproduct_tag&post=7647"}],"curies":[{"name":"wp","href":"https:\/\/api.w.org\/{rel}","templated":true}]}}