

{"id":7646,"date":"2024-05-29T13:25:40","date_gmt":"2024-05-29T13:25:40","guid":{"rendered":"https:\/\/montael.com\/new_site\/?post_type=product&#038;p=7646"},"modified":"2025-06-11T11:50:32","modified_gmt":"2025-06-11T10:50:32","slug":"weberfloor-top-autonivelante-25kg-cinza","status":"publish","type":"product","link":"https:\/\/montael.com\/?product=weberfloor-top-autonivelante-25kg-cinza","title":{"rendered":"Weberfloor Top Autonivelante 25Kg | Cinza"},"content":{"rendered":"<ul>\n<li>Argamassa autonivelante de retra\u00e7\u00e3o compensada, concebido para regulariza\u00e7\u00e3o e alisamento de pavimentos interiores em obra nova ou de reabilita\u00e7\u00e3o.<\/li>\n<li>Apto para receber a instala\u00e7\u00e3o de todo o tipo de pavimentos resilientes, madeira, cer\u00e2mica, pedra natural ou pavimentos t\u00e9cnicos.<\/li>\n<\/ul>\n<p><strong>Suportes Admiss\u00edveis:<\/strong><\/p>\n<ul>\n<li>Bet\u00e3o, suportes ciment\u00edcios ou de anidrite, consolidados e cuja superf\u00edcie apresente resist\u00eancia m\u00ednima \u00e0 compress\u00e3o de 12 N\/mm\u00b2.<\/li>\n<li>Cer\u00e2mica antiga com aplica\u00e7\u00e3o pr\u00e9via de prim\u00e1rio adequado.<\/li>\n<li>Apto para aplica\u00e7\u00e3o sobre pavimentos com sistemas radiantes incorporados (n\u00e3o apto para enchimento dos mesmos).<\/li>\n<\/ul>\n","protected":false},"excerpt":{"rendered":"<ul>\n<li>Autonivelante para alisamento de pavimentos<\/li>\n<li>Cores: Cinza<\/li>\n<li>Embalagem: 25Kg<\/li>\n<\/ul>\n<p>Marca: Weber<\/p>\n","protected":false},"featured_media":7671,"template":"","meta":[],"product_cat":[146,226],"product_tag":[],"class_list":{"0":"post-7646","1":"product","2":"type-product","3":"status-publish","4":"has-post-thumbnail","6":"product_cat-construcao","7":"product_cat-regularizacao","8":"ts_product_brand-weber","10":"first","11":"instock","12":"taxable","13":"shipping-taxable","14":"product-type-simple"},"_links":{"self":[{"href":"https:\/\/montael.com\/index.php?rest_route=\/wp\/v2\/product\/7646","targetHints":{"allow":["GET"]}}],"collection":[{"href":"https:\/\/montael.com\/index.php?rest_route=\/wp\/v2\/product"}],"about":[{"href":"https:\/\/montael.com\/index.php?rest_route=\/wp\/v2\/types\/product"}],"wp:featuredmedia":[{"embeddable":true,"href":"https:\/\/montael.com\/index.php?rest_route=\/wp\/v2\/media\/7671"}],"wp:attachment":[{"href":"https:\/\/montael.com\/index.php?rest_route=%2Fwp%2Fv2%2Fmedia&parent=7646"}],"wp:term":[{"taxonomy":"product_cat","embeddable":true,"href":"https:\/\/montael.com\/index.php?rest_route=%2Fwp%2Fv2%2Fproduct_cat&post=7646"},{"taxonomy":"product_tag","embeddable":true,"href":"https:\/\/montael.com\/index.php?rest_route=%2Fwp%2Fv2%2Fproduct_tag&post=7646"}],"curies":[{"name":"wp","href":"https:\/\/api.w.org\/{rel}","templated":true}]}}