

{"id":7582,"date":"2024-05-29T09:54:18","date_gmt":"2024-05-29T09:54:18","guid":{"rendered":"https:\/\/montael.com\/new_site\/?post_type=product&#038;p=7582"},"modified":"2025-06-06T11:08:29","modified_gmt":"2025-06-06T10:08:29","slug":"espelho-120x80-s-iluminacao","status":"publish","type":"product","link":"https:\/\/montael.com\/?product=espelho-120x80-s-iluminacao","title":{"rendered":"Espelho liso 120&#215;80 s\/ ilumina\u00e7\u00e3o"},"content":{"rendered":"<p><strong>Caracter\u00edsticas:<\/strong><\/p>\n<ul>\n<li>Orla em alum\u00ednio<\/li>\n<\/ul>\n","protected":false},"excerpt":{"rendered":"<p>Marca: Banhoazis<\/p>\n","protected":false},"featured_media":7583,"template":"","meta":[],"product_cat":[221,217],"product_tag":[],"class_list":{"0":"post-7582","1":"product","2":"type-product","3":"status-publish","4":"has-post-thumbnail","6":"product_cat-espelhos","7":"product_cat-moveis-casa-banho","8":"ts_product_brand-banhoazis","10":"first","11":"instock","12":"taxable","13":"shipping-taxable","14":"product-type-simple"},"_links":{"self":[{"href":"https:\/\/montael.com\/index.php?rest_route=\/wp\/v2\/product\/7582","targetHints":{"allow":["GET"]}}],"collection":[{"href":"https:\/\/montael.com\/index.php?rest_route=\/wp\/v2\/product"}],"about":[{"href":"https:\/\/montael.com\/index.php?rest_route=\/wp\/v2\/types\/product"}],"wp:featuredmedia":[{"embeddable":true,"href":"https:\/\/montael.com\/index.php?rest_route=\/wp\/v2\/media\/7583"}],"wp:attachment":[{"href":"https:\/\/montael.com\/index.php?rest_route=%2Fwp%2Fv2%2Fmedia&parent=7582"}],"wp:term":[{"taxonomy":"product_cat","embeddable":true,"href":"https:\/\/montael.com\/index.php?rest_route=%2Fwp%2Fv2%2Fproduct_cat&post=7582"},{"taxonomy":"product_tag","embeddable":true,"href":"https:\/\/montael.com\/index.php?rest_route=%2Fwp%2Fv2%2Fproduct_tag&post=7582"}],"curies":[{"name":"wp","href":"https:\/\/api.w.org\/{rel}","templated":true}]}}