

{"id":7546,"date":"2024-05-28T16:42:27","date_gmt":"2024-05-28T16:42:27","guid":{"rendered":"https:\/\/montael.com\/new_site\/?post_type=product&#038;p=7546"},"modified":"2025-06-09T10:28:58","modified_gmt":"2025-06-09T09:28:58","slug":"biba-80-conjunto-nogal-maya-105020","status":"publish","type":"product","link":"https:\/\/montael.com\/?product=biba-80-conjunto-nogal-maya-105020","title":{"rendered":"Biba 80 | Conjunto Nogal Maya 105020"},"content":{"rendered":"<p>Esta cole\u00e7\u00e3o de m\u00f3veis para casa de banho testa novas texturas, com as suas frentes maquinadas com ranhuras verticais, criando um padr\u00e3o r\u00edtmico e dando a sensa\u00e7\u00e3o de movimento. Os pequenos pormenores, como o puxador, d\u00e3o \u00e0 nossa casa de banho um toque e estilo personalizados, conforme o modelo e o acabamento escolhido.<\/p>\n<p><strong>Medidas:<\/strong><\/p>\n<ul>\n<li>M\u00f3vel: Comprimento\u00a0 797mm | Profundidade 450mm | Altura 405mm<\/li>\n<\/ul>\n<ul>\n<li>Tampo: Comprimento 810mm |Profundidade 460mm|Altura 16mm<\/li>\n<\/ul>\n<p><strong>Caracter\u00edsticas:<\/strong><\/p>\n<ul>\n<li>Laminado<\/li>\n<li>Gaveta madeira, Extra\u00e7\u00e3o Total, fecho amortizado<\/li>\n<li>Guias Grass<\/li>\n<li>Carga m\u00e1xima 30Kg<\/li>\n<\/ul>\n","protected":false},"excerpt":{"rendered":"<p>Composto por :<\/p>\n<ul>\n<li>M\u00f3vel com 1 gaveta<\/li>\n<li>Lavat\u00f3rio em porcelana branco<\/li>\n<li>Puxador preto<\/li>\n<li>Cor Nogal Maya<\/li>\n<\/ul>\n<p>Marca: Salgar<\/p>\n","protected":false},"featured_media":8722,"template":"","meta":[],"product_cat":[217,218],"product_tag":[],"class_list":{"0":"post-7546","1":"product","2":"type-product","3":"status-publish","4":"has-post-thumbnail","6":"product_cat-moveis-casa-banho","7":"product_cat-moveis-suspensos","8":"ts_product_brand-salgar","10":"first","11":"instock","12":"taxable","13":"shipping-taxable","14":"product-type-simple"},"_links":{"self":[{"href":"https:\/\/montael.com\/index.php?rest_route=\/wp\/v2\/product\/7546","targetHints":{"allow":["GET"]}}],"collection":[{"href":"https:\/\/montael.com\/index.php?rest_route=\/wp\/v2\/product"}],"about":[{"href":"https:\/\/montael.com\/index.php?rest_route=\/wp\/v2\/types\/product"}],"wp:featuredmedia":[{"embeddable":true,"href":"https:\/\/montael.com\/index.php?rest_route=\/wp\/v2\/media\/8722"}],"wp:attachment":[{"href":"https:\/\/montael.com\/index.php?rest_route=%2Fwp%2Fv2%2Fmedia&parent=7546"}],"wp:term":[{"taxonomy":"product_cat","embeddable":true,"href":"https:\/\/montael.com\/index.php?rest_route=%2Fwp%2Fv2%2Fproduct_cat&post=7546"},{"taxonomy":"product_tag","embeddable":true,"href":"https:\/\/montael.com\/index.php?rest_route=%2Fwp%2Fv2%2Fproduct_tag&post=7546"}],"curies":[{"name":"wp","href":"https:\/\/api.w.org\/{rel}","templated":true}]}}