

{"id":7536,"date":"2024-05-28T16:21:38","date_gmt":"2024-05-28T16:21:38","guid":{"rendered":"https:\/\/montael.com\/new_site\/?post_type=product&#038;p=7536"},"modified":"2025-06-09T11:29:47","modified_gmt":"2025-06-09T10:29:47","slug":"piano-base-de-duche-1000x750-c-antiderrapante-803080","status":"publish","type":"product","link":"https:\/\/montael.com\/?product=piano-base-de-duche-1000x750-c-antiderrapante-803080","title":{"rendered":"Piano base de duche 1000&#215;750 c\/ antiderrapante 803080"},"content":{"rendered":"<p><strong>Caracter\u00edsticas:<\/strong><\/p>\n<ul>\n<li>Cor: Branco<\/li>\n<li>Altura: 75mm<\/li>\n<li>Peso: 14 Kg<\/li>\n<li>Antiderrapante<\/li>\n<\/ul>\n<p>Marca: Sanindusa<\/p>\n","protected":false},"excerpt":{"rendered":"<ul>\n<li>V\u00e1lvula n\u00e3o inclu\u00edda<\/li>\n<\/ul>\n","protected":false},"featured_media":7534,"template":"","meta":[],"product_cat":[304,209,149],"product_tag":[],"class_list":{"0":"post-7536","1":"product","2":"type-product","3":"status-publish","4":"has-post-thumbnail","6":"product_cat-bases-de-chuveiro","7":"product_cat-acrilicas","8":"product_cat-casa-de-banho","9":"ts_product_brand-sanindusa","11":"first","12":"instock","13":"taxable","14":"shipping-taxable","15":"product-type-simple"},"_links":{"self":[{"href":"https:\/\/montael.com\/index.php?rest_route=\/wp\/v2\/product\/7536","targetHints":{"allow":["GET"]}}],"collection":[{"href":"https:\/\/montael.com\/index.php?rest_route=\/wp\/v2\/product"}],"about":[{"href":"https:\/\/montael.com\/index.php?rest_route=\/wp\/v2\/types\/product"}],"wp:featuredmedia":[{"embeddable":true,"href":"https:\/\/montael.com\/index.php?rest_route=\/wp\/v2\/media\/7534"}],"wp:attachment":[{"href":"https:\/\/montael.com\/index.php?rest_route=%2Fwp%2Fv2%2Fmedia&parent=7536"}],"wp:term":[{"taxonomy":"product_cat","embeddable":true,"href":"https:\/\/montael.com\/index.php?rest_route=%2Fwp%2Fv2%2Fproduct_cat&post=7536"},{"taxonomy":"product_tag","embeddable":true,"href":"https:\/\/montael.com\/index.php?rest_route=%2Fwp%2Fv2%2Fproduct_tag&post=7536"}],"curies":[{"name":"wp","href":"https:\/\/api.w.org\/{rel}","templated":true}]}}