

{"id":7467,"date":"2024-05-28T13:26:31","date_gmt":"2024-05-28T13:26:31","guid":{"rendered":"https:\/\/montael.com\/new_site\/?post_type=product&#038;p=7467"},"modified":"2025-06-09T14:42:34","modified_gmt":"2025-06-09T13:42:34","slug":"vedacao-de-canto-angulo-interno-90o-kerdi-kereck-fi2","status":"publish","type":"product","link":"https:\/\/montael.com\/?product=vedacao-de-canto-angulo-interno-90o-kerdi-kereck-fi2","title":{"rendered":"Veda\u00e7\u00e3o de canto \u00e2ngulo interno 90\u00ba KERDI-KERECK\/FI2"},"content":{"rendered":"<p>Schl\u00fcter-KERDI-KERECK-F s\u00e3o pe\u00e7as soldadas pr\u00e9-fabricadas para a forma\u00e7\u00e3o de cantos interiores e exteriores.<\/p>\n","protected":false},"excerpt":{"rendered":"<ul>\n<li>Pacote com 2 unidades<\/li>\n<li>0.1 mm de espessura<\/li>\n<\/ul>\n<p>Marca: Schluter<\/p>\n","protected":false},"featured_media":8714,"template":"","meta":[],"product_cat":[304,149,212,316],"product_tag":[],"class_list":{"0":"post-7467","1":"product","2":"type-product","3":"status-publish","4":"has-post-thumbnail","6":"product_cat-bases-de-chuveiro","7":"product_cat-casa-de-banho","8":"product_cat-sistemas-de-chuveiro","9":"product_cat-tela-de-impermeabilizacao","10":"ts_product_brand-schluter","12":"first","13":"instock","14":"taxable","15":"shipping-taxable","16":"product-type-simple"},"_links":{"self":[{"href":"https:\/\/montael.com\/index.php?rest_route=\/wp\/v2\/product\/7467","targetHints":{"allow":["GET"]}}],"collection":[{"href":"https:\/\/montael.com\/index.php?rest_route=\/wp\/v2\/product"}],"about":[{"href":"https:\/\/montael.com\/index.php?rest_route=\/wp\/v2\/types\/product"}],"wp:featuredmedia":[{"embeddable":true,"href":"https:\/\/montael.com\/index.php?rest_route=\/wp\/v2\/media\/8714"}],"wp:attachment":[{"href":"https:\/\/montael.com\/index.php?rest_route=%2Fwp%2Fv2%2Fmedia&parent=7467"}],"wp:term":[{"taxonomy":"product_cat","embeddable":true,"href":"https:\/\/montael.com\/index.php?rest_route=%2Fwp%2Fv2%2Fproduct_cat&post=7467"},{"taxonomy":"product_tag","embeddable":true,"href":"https:\/\/montael.com\/index.php?rest_route=%2Fwp%2Fv2%2Fproduct_tag&post=7467"}],"curies":[{"name":"wp","href":"https:\/\/api.w.org\/{rel}","templated":true}]}}