

{"id":7457,"date":"2024-05-28T11:42:24","date_gmt":"2024-05-28T11:42:24","guid":{"rendered":"https:\/\/montael.com\/new_site\/?post_type=product&#038;p=7457"},"modified":"2025-06-09T14:45:08","modified_gmt":"2025-06-09T13:45:08","slug":"tela-de-impermeabilizacao-de-polietileno-em-rolo-kerdi-200","status":"publish","type":"product","link":"https:\/\/montael.com\/?product=tela-de-impermeabilizacao-de-polietileno-em-rolo-kerdi-200","title":{"rendered":"Tela de impermeabiliza\u00e7\u00e3o de polietileno em rolo KERDI 200"},"content":{"rendered":"<p>Schl\u00fcter-KERDI \u00e9 uma membrana de impermeabiliza\u00e7\u00e3o de polietileno revestida de ambos os lados com geot\u00eaxtil que permite a ader\u00eancia no cimento cola. \u00c9 especialmente indicada para impermeabiliza\u00e7\u00f5es em combina\u00e7\u00e3o com revestimentos de cer\u00e2mica em paredes e pavimento. Devido \u00e0 elevada resist\u00eancia a difus\u00e3o de vapor de \u00e1gua, Schl\u00fcter-KERDI-DS \u00e9 adequada como barreira contra vapor em conjunto com o revestimento cer\u00e2mico.<\/p>\n","protected":false},"excerpt":{"rendered":"<ul>\n<li>Membrana de polietileno que serve como impermeabiliza\u00e7\u00e3o conjunta<\/li>\n<li>Valor de preven\u00e7\u00e3o de vapor de \u00e1gua de sd = 5,15 m<\/li>\n<li>Rolo de 30 m2<\/li>\n<\/ul>\n<p>Marca: Schluter<\/p>\n","protected":false},"featured_media":7459,"template":"","meta":[],"product_cat":[304,149,212,316],"product_tag":[],"class_list":{"0":"post-7457","1":"product","2":"type-product","3":"status-publish","4":"has-post-thumbnail","6":"product_cat-bases-de-chuveiro","7":"product_cat-casa-de-banho","8":"product_cat-sistemas-de-chuveiro","9":"product_cat-tela-de-impermeabilizacao","10":"ts_product_brand-schluter","12":"first","13":"instock","14":"taxable","15":"shipping-taxable","16":"product-type-simple"},"_links":{"self":[{"href":"https:\/\/montael.com\/index.php?rest_route=\/wp\/v2\/product\/7457","targetHints":{"allow":["GET"]}}],"collection":[{"href":"https:\/\/montael.com\/index.php?rest_route=\/wp\/v2\/product"}],"about":[{"href":"https:\/\/montael.com\/index.php?rest_route=\/wp\/v2\/types\/product"}],"wp:featuredmedia":[{"embeddable":true,"href":"https:\/\/montael.com\/index.php?rest_route=\/wp\/v2\/media\/7459"}],"wp:attachment":[{"href":"https:\/\/montael.com\/index.php?rest_route=%2Fwp%2Fv2%2Fmedia&parent=7457"}],"wp:term":[{"taxonomy":"product_cat","embeddable":true,"href":"https:\/\/montael.com\/index.php?rest_route=%2Fwp%2Fv2%2Fproduct_cat&post=7457"},{"taxonomy":"product_tag","embeddable":true,"href":"https:\/\/montael.com\/index.php?rest_route=%2Fwp%2Fv2%2Fproduct_tag&post=7457"}],"curies":[{"name":"wp","href":"https:\/\/api.w.org\/{rel}","templated":true}]}}