

{"id":7456,"date":"2024-05-28T11:16:47","date_gmt":"2024-05-28T11:16:47","guid":{"rendered":"https:\/\/montael.com\/new_site\/?post_type=product&#038;p=7456"},"modified":"2025-02-25T18:50:00","modified_gmt":"2025-02-25T18:50:00","slug":"cola-vedante-bicomponente-1-85kg-kerdi-coll-l","status":"publish","type":"product","link":"https:\/\/montael.com\/?product=cola-vedante-bicomponente-1-85kg-kerdi-coll-l","title":{"rendered":"Cola Vedante Bicomponente 1.85Kg KERDI-COLL-L"},"content":{"rendered":"<p><strong>Schl\u00fcter-KERDI-COLL-L\u00a0<\/strong>\u00e9 uma cola vedante com dois componentes \u00e0 base de uma dispers\u00e3o de acrilato sem solventes e de um p\u00f3 reactivo com cimento.<\/p>\n<p><strong>Fun\u00e7\u00e3o:<\/strong><\/p>\n<p>\u00c9 adequada para colar e impermeabilizar as sobreposi\u00e7\u00f5es de membranas Schl\u00fcter-KERDI. Adicionalmente, isto permite efectuar uma colagem imperme\u00e1vel de juntas e liga\u00e7\u00f5es das membranas de impermeabiliza\u00e7\u00e3o Schl\u00fcter-KERDI-KEBA sobre Schl\u00fcter-KERDI, Schl\u00fcter-DITRA, Schl\u00fcter-DITRA- HEAT e Schl\u00fcter-KERDI-BOARD, bem como sobre os perfis de bordo perimetral Schl\u00fcter-BARA. Deste modo, em conjunto com os materiais Schl\u00fcter-KERDI, Schl\u00fcter-DITRA, Schl\u00fcter-DITRA-HEAT ou Schl\u00fcter-KERDI-BOARD e as membranas correspondentes Schl\u00fcter-KERDI-KEBA \u00e9 poss\u00edvel obter impermeabiliza\u00e7\u00f5es conjuntas certificadas.<\/p>\n<p><strong>Material:<\/strong><\/p>\n<p>Schl\u00fcter-KERDI-COLL-L \u00e9 constitu\u00eddo por uma dispers\u00e3o de acrilato sem solventes (Schl\u00fcter-KERDI-COLL-A) com uma densidade aparente de 1,0 kg\/l e um p\u00f3 reativo com cimento (Schl\u00fcter-KERDI-COLL-RL) com uma densidade aparente de 1,2 kg\/l, que s\u00e3o misturados para a aplica\u00e7\u00e3o.<\/p>\n<p><strong>Caracter\u00edsticas do material e \u00e1reas de aplica\u00e7\u00e3o:<\/strong><\/p>\n<p>Schl\u00fcter-KERDI-COLL-L pode ser aplicada em conjunto com Schl\u00fcter-KERDI, Schl\u00fcter-DITRA, Schl\u00fcter-DITRA-HEAT ou Schl\u00fcter- -KERDI-BOARD e as respectivas fitas de veda\u00e7\u00e3o Schl\u00fcter-KERDI-KEBA na \u00e1rea da parede e do solo, tanto no interior como no exterior (excepto Schl\u00fcter-KERDI-BOARD). Em casos particulares especiais, a aplicabilidade dos materiais depende das agress\u00f5es mec\u00e2nicas, qu\u00edmicas ou outras agress\u00f5es esperadas.<\/p>\n","protected":false},"excerpt":{"rendered":"<ul>\n<li>Cola vedante de dois componentes<\/li>\n<li>1.85 Kg<\/li>\n<\/ul>\n","protected":false},"featured_media":8711,"template":"","meta":[],"product_cat":[304,149,317,212],"product_tag":[],"class_list":{"0":"post-7456","1":"product","2":"type-product","3":"status-publish","4":"has-post-thumbnail","6":"product_cat-bases-de-chuveiro","7":"product_cat-casa-de-banho","8":"product_cat-cola-vedante","9":"product_cat-sistemas-de-chuveiro","11":"first","12":"instock","13":"taxable","14":"shipping-taxable","15":"product-type-simple"},"_links":{"self":[{"href":"https:\/\/montael.com\/index.php?rest_route=\/wp\/v2\/product\/7456","targetHints":{"allow":["GET"]}}],"collection":[{"href":"https:\/\/montael.com\/index.php?rest_route=\/wp\/v2\/product"}],"about":[{"href":"https:\/\/montael.com\/index.php?rest_route=\/wp\/v2\/types\/product"}],"wp:featuredmedia":[{"embeddable":true,"href":"https:\/\/montael.com\/index.php?rest_route=\/wp\/v2\/media\/8711"}],"wp:attachment":[{"href":"https:\/\/montael.com\/index.php?rest_route=%2Fwp%2Fv2%2Fmedia&parent=7456"}],"wp:term":[{"taxonomy":"product_cat","embeddable":true,"href":"https:\/\/montael.com\/index.php?rest_route=%2Fwp%2Fv2%2Fproduct_cat&post=7456"},{"taxonomy":"product_tag","embeddable":true,"href":"https:\/\/montael.com\/index.php?rest_route=%2Fwp%2Fv2%2Fproduct_tag&post=7456"}],"curies":[{"name":"wp","href":"https:\/\/api.w.org\/{rel}","templated":true}]}}