

{"id":7415,"date":"2024-05-28T09:55:11","date_gmt":"2024-05-28T09:55:11","guid":{"rendered":"https:\/\/montael.com\/new_site\/?post_type=product&#038;p=7415"},"modified":"2025-06-06T12:26:20","modified_gmt":"2025-06-06T11:26:20","slug":"porta-rolo-jumbo-eh022","status":"publish","type":"product","link":"https:\/\/montael.com\/?product=porta-rolo-jumbo-eh022","title":{"rendered":"Porta Rolo Jumbo EH022"},"content":{"rendered":"<p dir=\"ltr\" data-placeholder=\"Tradu\u00e7\u00e3o\" aria-label=\"Texto traduzido\" data-ved=\"2ahUKEwjh4KHixt-FAxUuBdsEHYLLA8QQ3ewLegQIExAU\"><strong>Caracter\u00edsticas:<\/strong><\/p>\n<ul>\n<li>Material: A\u00e7o Inox AISI 304<\/li>\n<li>Acabamento: Satinado<\/li>\n<li>Inclui chave de seguran\u00e7a<\/li>\n<\/ul>\n<p>Marca: Erix<\/p>\n","protected":false},"excerpt":{"rendered":"<p>Caracter\u00edsticas: Material: A\u00e7o Inox AISI 304 Acabamento: Satinado Inclui chave de seguran\u00e7a Marca: Erix<\/p>\n","protected":false},"featured_media":7416,"template":"","meta":[],"product_cat":[204,198],"product_tag":[],"class_list":{"0":"post-7415","1":"product","2":"type-product","3":"status-publish","4":"has-post-thumbnail","6":"product_cat-acessorios-wc-espacos-publicos","7":"product_cat-espacos-publicos","8":"ts_product_brand-erix","10":"first","11":"instock","12":"taxable","13":"shipping-taxable","14":"product-type-simple"},"_links":{"self":[{"href":"https:\/\/montael.com\/index.php?rest_route=\/wp\/v2\/product\/7415","targetHints":{"allow":["GET"]}}],"collection":[{"href":"https:\/\/montael.com\/index.php?rest_route=\/wp\/v2\/product"}],"about":[{"href":"https:\/\/montael.com\/index.php?rest_route=\/wp\/v2\/types\/product"}],"wp:featuredmedia":[{"embeddable":true,"href":"https:\/\/montael.com\/index.php?rest_route=\/wp\/v2\/media\/7416"}],"wp:attachment":[{"href":"https:\/\/montael.com\/index.php?rest_route=%2Fwp%2Fv2%2Fmedia&parent=7415"}],"wp:term":[{"taxonomy":"product_cat","embeddable":true,"href":"https:\/\/montael.com\/index.php?rest_route=%2Fwp%2Fv2%2Fproduct_cat&post=7415"},{"taxonomy":"product_tag","embeddable":true,"href":"https:\/\/montael.com\/index.php?rest_route=%2Fwp%2Fv2%2Fproduct_tag&post=7415"}],"curies":[{"name":"wp","href":"https:\/\/api.w.org\/{rel}","templated":true}]}}