

{"id":7397,"date":"2024-05-28T09:06:55","date_gmt":"2024-05-28T09:06:55","guid":{"rendered":"https:\/\/montael.com\/new_site\/?post_type=product&#038;p=7397"},"modified":"2025-06-06T15:36:11","modified_gmt":"2025-06-06T14:36:11","slug":"kit-evolux-lisa-70cm-ie41001-sistema-evolux-linear","status":"publish","type":"product","link":"https:\/\/montael.com\/?product=kit-evolux-lisa-70cm-ie41001-sistema-evolux-linear","title":{"rendered":"Kit Evolux Lisa 70cm IE41001- Sistema Evolux Linear"},"content":{"rendered":"<p class=\"productinfo-detail__category\">Sistemas de duche GUR\u00da<\/p>\n<p class=\"productinfo-detail__category\">O sistema <strong>EVOLUX LINEAR\u00a0<\/strong>\u00e9 uma solu\u00e7\u00e3o para a prote\u00e7\u00e3o imperme\u00e1vel de bases de duche, com a altura m\u00ednima de instala\u00e7\u00e3o e com evacua\u00e7\u00e3o incorporada.<\/p>\n<div class=\"productinfo-detail__paragraph\">\n<p>Est\u00e1 composto por um ralo sif\u00f3nico de perfil baixo, uma pe\u00e7a de tela imperme\u00e1vel WATER-STOP unida e selada em f\u00e1brica a um adaptador especial para sua conex\u00e3o ao ralo e por um conjunto de calhas e grelha de a\u00e7o inox.<\/p>\n<p>Este sistema de drenagem foi projetado especialmente para bases de duche com uma altura m\u00ednima, praticameente ao n\u00edvel do ch\u00e3o.<\/p>\n<p><strong>Caracter\u00edsticas:<\/strong><\/p>\n<ul>\n<li>Calha: A\u00e7o inoxid\u00e1vel AISI 304 \/ Largura: 69 mm &#8211; Comprimento: 60, 70, 80, 90, 100, 120, 150 e 180 cm (Modelos coloridos at\u00e9 90 cm)<\/li>\n<li>Grelha: A\u00e7o inoxid\u00e1vel AISI 304 \/ Largura: 53 mm &#8211; Comprimento: 60, 70, 80, 90, 100, 120, 150 e 180 cm (Modelos coloridos at\u00e9 90 cm)<\/li>\n<li>Tela de impermeabiliza\u00e7\u00e3o WATER-STOP: 4 m\u00b2 (2 x 2 m) com adaptador de conex\u00e3o em posi\u00e7\u00e3o lateral, centrado na largura e a 25 cm de um extremo<\/li>\n<li>Caudal de evacua\u00e7\u00e3o: &gt; 28 l\/min<\/li>\n<li>Espessura do pavimento: 9-30 mm<\/li>\n<\/ul>\n<\/div>\n","protected":false},"excerpt":{"rendered":"<ul>\n<li>Kit de\u00a0 impermeabiliza\u00e7\u00e3o de duche com sistema de drenagem<\/li>\n<li>Altura total de instala\u00e7\u00e3o 90mm<\/li>\n<li>Calha e grelha em Inox<\/li>\n<li>Cont\u00eam 4m2 (2&#215;2) de tela WATER-STOP<\/li>\n<\/ul>\n<p>Marca: Guru<\/p>\n","protected":false},"featured_media":7403,"template":"","meta":[],"product_cat":[304,315,149,212],"product_tag":[],"class_list":{"0":"post-7397","1":"product","2":"type-product","3":"status-publish","4":"has-post-thumbnail","6":"product_cat-bases-de-chuveiro","7":"product_cat-canais-de-escoamento","8":"product_cat-casa-de-banho","9":"product_cat-sistemas-de-chuveiro","10":"ts_product_brand-guru","12":"first","13":"instock","14":"taxable","15":"shipping-taxable","16":"product-type-simple"},"_links":{"self":[{"href":"https:\/\/montael.com\/index.php?rest_route=\/wp\/v2\/product\/7397","targetHints":{"allow":["GET"]}}],"collection":[{"href":"https:\/\/montael.com\/index.php?rest_route=\/wp\/v2\/product"}],"about":[{"href":"https:\/\/montael.com\/index.php?rest_route=\/wp\/v2\/types\/product"}],"wp:featuredmedia":[{"embeddable":true,"href":"https:\/\/montael.com\/index.php?rest_route=\/wp\/v2\/media\/7403"}],"wp:attachment":[{"href":"https:\/\/montael.com\/index.php?rest_route=%2Fwp%2Fv2%2Fmedia&parent=7397"}],"wp:term":[{"taxonomy":"product_cat","embeddable":true,"href":"https:\/\/montael.com\/index.php?rest_route=%2Fwp%2Fv2%2Fproduct_cat&post=7397"},{"taxonomy":"product_tag","embeddable":true,"href":"https:\/\/montael.com\/index.php?rest_route=%2Fwp%2Fv2%2Fproduct_tag&post=7397"}],"curies":[{"name":"wp","href":"https:\/\/api.w.org\/{rel}","templated":true}]}}