

{"id":7365,"date":"2024-05-27T16:37:31","date_gmt":"2024-05-27T16:37:31","guid":{"rendered":"https:\/\/montael.com\/new_site\/?post_type=product&#038;p=7365"},"modified":"2025-06-06T11:11:50","modified_gmt":"2025-06-06T10:11:50","slug":"emocao-chuveiro-de-mao-145-510-8cr","status":"publish","type":"product","link":"https:\/\/montael.com\/?product=emocao-chuveiro-de-mao-145-510-8cr","title":{"rendered":"Emo\u00e7\u00e3o Chuveiro de M\u00e3o 145 510 8CR"},"content":{"rendered":"<p dir=\"ltr\" data-placeholder=\"Tradu\u00e7\u00e3o\" aria-label=\"Texto traduzido\" data-ved=\"2ahUKEwjh4KHixt-FAxUuBdsEHYLLA8QQ3ewLegQIExAU\"><strong>Caracter\u00edsticas:<\/strong><\/p>\n<ul>\n<li>Liga\u00e7\u00e3o de G1\/2\u2019\u2019<\/li>\n<li>Sistema de poupan\u00e7a de \u00e1gua BRUMA<\/li>\n<li>AirEcoDrop\u00ae<\/li>\n<li>Sistema anti-calc\u00e1rio BRUMA ConfortClean\u00ae<\/li>\n<\/ul>\n","protected":false},"excerpt":{"rendered":"<div class=\"product-box__tableRow\">\n<div class=\"product-box__tableCell product-box__tableCell--label\">\n<div class=\"product-box__tableRow\">\n<div class=\"product-box__tableCell product-box__tableCell--label\">N\u00famero do produto | 145 510 8CR<\/div>\n<\/div>\n<div class=\"product-box__tableRow\">\n<div class=\"product-box__tableCell product-box__tableCell--label\">EAN | 5602202171974<\/div>\n<\/div>\n<div class=\"product-box__tableRow\">\n<div class=\"product-box__tableCell product-box__tableCell--label product-box__color\">Cor | <span class=\"color-bubble\"><img decoding=\"async\" class=\"23330001\" title=\"cromado\" src=\"https:\/\/cdn.cloud.grohe.com\/Web\/colour_plates\/36x36\/000.png\" \/><\/span><strong>cromado<\/strong><\/div>\n<\/div>\n<div>Marca: Bruma<\/div>\n<\/div>\n<\/div>\n","protected":false},"featured_media":7367,"template":"","meta":[],"product_cat":[195,191],"product_tag":[],"class_list":{"0":"post-7365","1":"product","2":"type-product","3":"status-publish","4":"has-post-thumbnail","6":"product_cat-rampas-chuveiros-ligadores","7":"product_cat-torneiras","8":"ts_product_brand-bruma","10":"first","11":"instock","12":"taxable","13":"shipping-taxable","14":"product-type-simple"},"_links":{"self":[{"href":"https:\/\/montael.com\/index.php?rest_route=\/wp\/v2\/product\/7365","targetHints":{"allow":["GET"]}}],"collection":[{"href":"https:\/\/montael.com\/index.php?rest_route=\/wp\/v2\/product"}],"about":[{"href":"https:\/\/montael.com\/index.php?rest_route=\/wp\/v2\/types\/product"}],"wp:featuredmedia":[{"embeddable":true,"href":"https:\/\/montael.com\/index.php?rest_route=\/wp\/v2\/media\/7367"}],"wp:attachment":[{"href":"https:\/\/montael.com\/index.php?rest_route=%2Fwp%2Fv2%2Fmedia&parent=7365"}],"wp:term":[{"taxonomy":"product_cat","embeddable":true,"href":"https:\/\/montael.com\/index.php?rest_route=%2Fwp%2Fv2%2Fproduct_cat&post=7365"},{"taxonomy":"product_tag","embeddable":true,"href":"https:\/\/montael.com\/index.php?rest_route=%2Fwp%2Fv2%2Fproduct_tag&post=7365"}],"curies":[{"name":"wp","href":"https:\/\/api.w.org\/{rel}","templated":true}]}}